{"id":15785,"date":"2020-01-14T09:47:57","date_gmt":"2020-01-14T08:47:57","guid":{"rendered":"http:\/\/sola-poljane.splet.arnes.si\/?page_id=15785"},"modified":"2020-01-28T13:16:58","modified_gmt":"2020-01-28T12:16:58","slug":"sssz-2019-20","status":"publish","type":"page","link":"https:\/\/sola-poljane.splet.arnes.si\/?page_id=15785","title":{"rendered":"\u0160olska shema 2019\/20"},"content":{"rendered":"<h3>Izdelovanje trganke in mo\u017ei\u010dka na temo sadja in zelenjave-Podru\u017eni\u010dna \u0161ola Javorje<\/h3>\n<p><a href=\"http:\/\/sola-poljane.splet.arnes.si\/files\/2020\/01\/IMG_8412-e1580213284308.jpg\"><img loading=\"lazy\" decoding=\"async\" class=\"alignnone size-thumbnail wp-image-15983\" src=\"http:\/\/sola-poljane.splet.arnes.si\/files\/2020\/01\/IMG_8412-e1580213284308-150x150.jpg\" alt=\"\" width=\"150\" height=\"150\" srcset=\"https:\/\/sola-poljane.splet.arnes.si\/files\/2020\/01\/IMG_8412-e1580213284308-150x150.jpg 150w, https:\/\/sola-poljane.splet.arnes.si\/files\/2020\/01\/IMG_8412-e1580213284308-100x100.jpg 100w\" sizes=\"auto, (max-width: 150px) 100vw, 150px\" \/><\/a><\/p>\n<hr \/>\n<h3 class=\"post-title\">Izdelovanje trgank in mo\u017ei\u010dkov na temo sadja in zelenjave \u2013 Mati\u010dna \u0161ola Poljane<\/h3>\n<p><a href=\"http:\/\/sola-poljane.splet.arnes.si\/files\/2020\/01\/20191223_105452.jpg\"><img loading=\"lazy\" decoding=\"async\" class=\"alignnone size-thumbnail wp-image-15763\" src=\"http:\/\/sola-poljane.splet.arnes.si\/files\/2020\/01\/20191223_105452-150x150.jpg\" alt=\"\" width=\"150\" height=\"150\" srcset=\"https:\/\/sola-poljane.splet.arnes.si\/files\/2020\/01\/20191223_105452-150x150.jpg 150w, https:\/\/sola-poljane.splet.arnes.si\/files\/2020\/01\/20191223_105452-100x100.jpg 100w\" sizes=\"auto, (max-width: 150px) 100vw, 150px\" \/><\/a> <a href=\"http:\/\/sola-poljane.splet.arnes.si\/files\/2020\/01\/20191223_105447.jpg\"><img loading=\"lazy\" decoding=\"async\" class=\"alignnone size-thumbnail wp-image-15765\" src=\"http:\/\/sola-poljane.splet.arnes.si\/files\/2020\/01\/20191223_105447-150x150.jpg\" alt=\"\" width=\"150\" height=\"150\" srcset=\"https:\/\/sola-poljane.splet.arnes.si\/files\/2020\/01\/20191223_105447-150x150.jpg 150w, https:\/\/sola-poljane.splet.arnes.si\/files\/2020\/01\/20191223_105447-100x100.jpg 100w\" sizes=\"auto, (max-width: 150px) 100vw, 150px\" \/><\/a> <a href=\"http:\/\/sola-poljane.splet.arnes.si\/files\/2020\/01\/20191223_105440.jpg\"><img loading=\"lazy\" decoding=\"async\" class=\"alignnone size-thumbnail wp-image-15767\" src=\"http:\/\/sola-poljane.splet.arnes.si\/files\/2020\/01\/20191223_105440-150x150.jpg\" alt=\"\" width=\"150\" height=\"150\" srcset=\"https:\/\/sola-poljane.splet.arnes.si\/files\/2020\/01\/20191223_105440-150x150.jpg 150w, https:\/\/sola-poljane.splet.arnes.si\/files\/2020\/01\/20191223_105440-100x100.jpg 100w\" sizes=\"auto, (max-width: 150px) 100vw, 150px\" \/><\/a> <a href=\"http:\/\/sola-poljane.splet.arnes.si\/files\/2020\/01\/20191223_105455.jpg\"><img loading=\"lazy\" decoding=\"async\" class=\"alignnone size-thumbnail wp-image-15761\" src=\"http:\/\/sola-poljane.splet.arnes.si\/files\/2020\/01\/20191223_105455-150x150.jpg\" alt=\"\" width=\"150\" height=\"150\" srcset=\"https:\/\/sola-poljane.splet.arnes.si\/files\/2020\/01\/20191223_105455-150x150.jpg 150w, https:\/\/sola-poljane.splet.arnes.si\/files\/2020\/01\/20191223_105455-100x100.jpg 100w\" sizes=\"auto, (max-width: 150px) 100vw, 150px\" \/><\/a> \u00a0<a href=\"http:\/\/sola-poljane.splet.arnes.si\/files\/2020\/01\/20191223_091824-e1580213473947.jpg\"><img loading=\"lazy\" decoding=\"async\" class=\"alignnone size-thumbnail wp-image-15769\" src=\"http:\/\/sola-poljane.splet.arnes.si\/files\/2020\/01\/20191223_091824-e1580213473947-150x150.jpg\" alt=\"\" width=\"150\" height=\"150\" srcset=\"https:\/\/sola-poljane.splet.arnes.si\/files\/2020\/01\/20191223_091824-e1580213473947-150x150.jpg 150w, https:\/\/sola-poljane.splet.arnes.si\/files\/2020\/01\/20191223_091824-e1580213473947-100x100.jpg 100w\" sizes=\"auto, (max-width: 150px) 100vw, 150px\" \/><\/a>\u00a0<a href=\"http:\/\/sola-poljane.splet.arnes.si\/files\/2020\/01\/20191121_104921-e1580213427877.jpg\"><img loading=\"lazy\" decoding=\"async\" class=\"alignnone size-thumbnail wp-image-15771\" src=\"http:\/\/sola-poljane.splet.arnes.si\/files\/2020\/01\/20191121_104921-e1580213427877-150x150.jpg\" alt=\"\" width=\"150\" height=\"150\" srcset=\"https:\/\/sola-poljane.splet.arnes.si\/files\/2020\/01\/20191121_104921-e1580213427877-150x150.jpg 150w, https:\/\/sola-poljane.splet.arnes.si\/files\/2020\/01\/20191121_104921-e1580213427877-100x100.jpg 100w\" sizes=\"auto, (max-width: 150px) 100vw, 150px\" \/><\/a> <a href=\"http:\/\/sola-poljane.splet.arnes.si\/files\/2020\/01\/20191121_104908.jpg\"><img loading=\"lazy\" decoding=\"async\" class=\"alignnone size-thumbnail wp-image-15773\" src=\"http:\/\/sola-poljane.splet.arnes.si\/files\/2020\/01\/20191121_104908-150x150.jpg\" alt=\"\" width=\"150\" height=\"150\" srcset=\"https:\/\/sola-poljane.splet.arnes.si\/files\/2020\/01\/20191121_104908-150x150.jpg 150w, https:\/\/sola-poljane.splet.arnes.si\/files\/2020\/01\/20191121_104908-100x100.jpg 100w\" sizes=\"auto, (max-width: 150px) 100vw, 150px\" \/><\/a><\/p>\n<p>&nbsp;<\/p>\n<hr \/>\n<h3 class=\"post-title\">U\u010dilnica v naravi bogatej\u0161a za eno jablano<\/h3>\n<p>V torek, 1. 10. 2019, so u\u010denke, ki obiskujejo vrtnarski kro\u017eek, in otroci iz 9. skupine Vrtca Agata skupaj posadili jablano <strong>v u\u010dilnici v naravi za \u0161olo<\/strong>. Jablano so nam podarili v Drevesnici Zakotnik. \u00a0Navdu\u0161enje je bilo veliko in z zanimanjem bomo spremljali rast jablane ter \u010dakali prve plodove.<\/p>\n<p><em><strong>Irena Tehovnik<\/strong><\/em><\/p>\n<p>&nbsp;<\/p>\nngg_shortcode_0_placeholder\n<hr \/>\n<h3 class=\"post-title\">Obisk Drevesnice Zakotnik \u2013 izbirni predmet sodobna priprava hrane malo druga\u010de<\/h3>\n<p>V okviru projekta <strong>Odprta vrata kmetij<\/strong>, ki ga izvaja Razvojna agencija Sora, smo si z otroki iz 9. skupine Vrtca Agata in u\u010denci, ki obiskujejo izbirni predmet Sodobna priprava hrane v petek, 27. 9. 2019, ogledali <strong>Drevesnico Zakotnik v Dorfarjah<\/strong>.<br \/>\nOb prihodu nas je pri\u010dakala ga. Jerneja Lotri\u010d, po sadovnjaku in kmetiji pa sta nas popeljala g. Matej \u0160ink in ga. Maja Zakotnik. Ga. Maja je na kratko predstavila kmetijo, nato smo se razdelili v dve skupini.<br \/>\nG. Matej nam je predstavil \u0161est razli\u010dnih sort jabolk (gala, elstar, zlati deli\u0161es, topaz, pinova, jonagold), ki smo jih tudi poskusili. Bila so odli\u010dna. U\u010denci so re\u0161evali u\u010dne liste o rastlinskih organih, od semena do ploda, preizkusili so se v re\u0161evanju kri\u017eanke in rebusov. Nato nam je g. Matej teoreti\u010dno povedal, kako se pravilno posadi jablano, kar smo kasneje tudi prakti\u010dno izvedli.<br \/>\nU\u010denci so odigrali igro spomina na dvori\u0161\u010du na temo sadja.<\/p>\n<p>Nato nas je po sadovnjaku popeljala ga. Maja.<br \/>\nPokazala nam je manj znano drevo <em>asimina<\/em> s plodovi, kako se cepi rastlino, kako se skrbi za sadovnjak in pravilen na\u010din obiranja jabolk. U\u010denci so se obiranja tudi lotili in napolnili \u0161tiri gajbice, vmes pa se z jabolki \u0161e posladkali. V sadovnjaku imajo 3000 sadik jablan. Povedala nam je tudi, kako pravilno skrbeti za sadovnjak in kateri so najpogostej\u0161i \u0161kodljivci.<\/p>\n<p>Z obiskom drevesnice smo bili zelo zadovoljni in smo se veliko novega nau\u010dili.<\/p>\n<p><em><strong>U\u010diteljica Irena Tehovnik<\/strong><\/em><\/p>\nngg_shortcode_1_placeholder\n","protected":false},"excerpt":{"rendered":"<p>Izdelovanje trganke in mo\u017ei\u010dka na temo sadja in zelenjave-Podru\u017eni\u010dna \u0161ola [&hellip;]<\/p>\n","protected":false},"author":39073,"featured_media":0,"parent":8597,"menu_order":0,"comment_status":"closed","ping_status":"closed","template":"","meta":{"ngg_post_thumbnail":0,"footnotes":""},"class_list":["post-15785","page","type-page","status-publish","hentry"],"_links":{"self":[{"href":"https:\/\/sola-poljane.splet.arnes.si\/index.php?rest_route=\/wp\/v2\/pages\/15785","targetHints":{"allow":["GET"]}}],"collection":[{"href":"https:\/\/sola-poljane.splet.arnes.si\/index.php?rest_route=\/wp\/v2\/pages"}],"about":[{"href":"https:\/\/sola-poljane.splet.arnes.si\/index.php?rest_route=\/wp\/v2\/types\/page"}],"author":[{"embeddable":true,"href":"https:\/\/sola-poljane.splet.arnes.si\/index.php?rest_route=\/wp\/v2\/users\/39073"}],"replies":[{"embeddable":true,"href":"https:\/\/sola-poljane.splet.arnes.si\/index.php?rest_route=%2Fwp%2Fv2%2Fcomments&post=15785"}],"version-history":[{"count":8,"href":"https:\/\/sola-poljane.splet.arnes.si\/index.php?rest_route=\/wp\/v2\/pages\/15785\/revisions"}],"predecessor-version":[{"id":15999,"href":"https:\/\/sola-poljane.splet.arnes.si\/index.php?rest_route=\/wp\/v2\/pages\/15785\/revisions\/15999"}],"up":[{"embeddable":true,"href":"https:\/\/sola-poljane.splet.arnes.si\/index.php?rest_route=\/wp\/v2\/pages\/8597"}],"wp:attachment":[{"href":"https:\/\/sola-poljane.splet.arnes.si\/index.php?rest_route=%2Fwp%2Fv2%2Fmedia&parent=15785"}],"curies":[{"name":"wp","href":"https:\/\/api.w.org\/{rel}","templated":true}]}}