{"id":14785,"date":"2019-09-30T07:38:24","date_gmt":"2019-09-30T05:38:24","guid":{"rendered":"http:\/\/sola-poljane.splet.arnes.si\/?page_id=14785"},"modified":"2019-10-04T06:05:38","modified_gmt":"2019-10-04T04:05:38","slug":"projekt-trajnostna-mobilnost","status":"publish","type":"page","link":"https:\/\/sola-poljane.splet.arnes.si\/?page_id=14785","title":{"rendered":"Projekt TRAJNOSTNA MOBILNOST"},"content":{"rendered":"<p>Osnovna \u0161ola Poljane se je vklju\u010dila projekt Trajnostna mobilnost, ki ga organizira Ministrstvo za infrastrukturo RS s partnerji. Med glavnimi cilji projekta sta spreminjanje potovalnih navad otrok in njihovih bli\u017enjih ter zmanj\u0161evanje motornega prometa v okolici vrtcev in \u0161ol. Samo eno Zemljo imamo, ki je iz leta v leto bolj obremenjena tudi z izpusti, zato je pomembno, da jih zmanj\u0161ujemo in tako poskrbimo tudi za svoje zdravje.<\/p>\n<p>\u0160olarje v \u010dasu projekta spremlja koko\u0161ka Rozi, ki jih nagrajuje s posebnimi karticami, pri \u010demer ne \u0161tejejo le prihodi v \u0161olo na trajnostni na\u010din (pe\u0161, s kolesom, skirojem, avtobusom, kombijem ali osebnim avtom, v katerem se peljejo otroci iz razli\u010dnih dru\u017ein), temve\u010d tudi popoldanske dejavnosti (vsaj 2 prehojena kilometra dnevno).<\/p>\n<p><img loading=\"lazy\" decoding=\"async\" class=\"aligncenter size-large wp-image-14575\" src=\"http:\/\/sola-poljane.splet.arnes.si\/files\/2019\/09\/TRAJNOSTNA_MOBILNOST_0-1024x318.jpg\" alt=\"\" width=\"887\" height=\"275\" srcset=\"https:\/\/sola-poljane.splet.arnes.si\/files\/2019\/09\/TRAJNOSTNA_MOBILNOST_0-1024x318.jpg 1024w, https:\/\/sola-poljane.splet.arnes.si\/files\/2019\/09\/TRAJNOSTNA_MOBILNOST_0-300x93.jpg 300w, https:\/\/sola-poljane.splet.arnes.si\/files\/2019\/09\/TRAJNOSTNA_MOBILNOST_0-768x238.jpg 768w, https:\/\/sola-poljane.splet.arnes.si\/files\/2019\/09\/TRAJNOSTNA_MOBILNOST_0-177x55.jpg 177w, https:\/\/sola-poljane.splet.arnes.si\/files\/2019\/09\/TRAJNOSTNA_MOBILNOST_0-947x294.jpg 947w, https:\/\/sola-poljane.splet.arnes.si\/files\/2019\/09\/TRAJNOSTNA_MOBILNOST_0-624x194.jpg 624w, https:\/\/sola-poljane.splet.arnes.si\/files\/2019\/09\/TRAJNOSTNA_MOBILNOST_0.jpg 1456w\" sizes=\"auto, (max-width: 887px) 100vw, 887px\" \/><\/p>\n<p>&nbsp;<\/p>\n<div class=\"wpz-sc-box info  rounded \">Povezave<\/div>\n<span class=\"wpz-sc-ilink\"><a class=\"note\" href=\"https:\/\/sola-poljane.splet.arnes.si\/?cat=65\" >Povezava na arhiv objav Trajnostna mobilnost <\/a><\/span>\n","protected":false},"excerpt":{"rendered":"<p>Osnovna \u0161ola Poljane se je vklju\u010dila projekt Trajnostna mobilnost, ki [&hellip;]<\/p>\n","protected":false},"author":1973,"featured_media":0,"parent":8596,"menu_order":15,"comment_status":"closed","ping_status":"closed","template":"","meta":{"ngg_post_thumbnail":0,"footnotes":""},"class_list":["post-14785","page","type-page","status-publish","hentry"],"_links":{"self":[{"href":"https:\/\/sola-poljane.splet.arnes.si\/index.php?rest_route=\/wp\/v2\/pages\/14785","targetHints":{"allow":["GET"]}}],"collection":[{"href":"https:\/\/sola-poljane.splet.arnes.si\/index.php?rest_route=\/wp\/v2\/pages"}],"about":[{"href":"https:\/\/sola-poljane.splet.arnes.si\/index.php?rest_route=\/wp\/v2\/types\/page"}],"author":[{"embeddable":true,"href":"https:\/\/sola-poljane.splet.arnes.si\/index.php?rest_route=\/wp\/v2\/users\/1973"}],"replies":[{"embeddable":true,"href":"https:\/\/sola-poljane.splet.arnes.si\/index.php?rest_route=%2Fwp%2Fv2%2Fcomments&post=14785"}],"version-history":[{"count":7,"href":"https:\/\/sola-poljane.splet.arnes.si\/index.php?rest_route=\/wp\/v2\/pages\/14785\/revisions"}],"predecessor-version":[{"id":14867,"href":"https:\/\/sola-poljane.splet.arnes.si\/index.php?rest_route=\/wp\/v2\/pages\/14785\/revisions\/14867"}],"up":[{"embeddable":true,"href":"https:\/\/sola-poljane.splet.arnes.si\/index.php?rest_route=\/wp\/v2\/pages\/8596"}],"wp:attachment":[{"href":"https:\/\/sola-poljane.splet.arnes.si\/index.php?rest_route=%2Fwp%2Fv2%2Fmedia&parent=14785"}],"curies":[{"name":"wp","href":"https:\/\/api.w.org\/{rel}","templated":true}]}}