{"id":14441,"date":"2019-09-05T07:57:31","date_gmt":"2019-09-05T05:57:31","guid":{"rendered":"http:\/\/sola-poljane.splet.arnes.si\/?page_id=14441"},"modified":"2026-01-30T09:37:12","modified_gmt":"2026-01-30T08:37:12","slug":"projekt-neon","status":"publish","type":"page","link":"https:\/\/sola-poljane.splet.arnes.si\/?page_id=14441","title":{"rendered":"Program NEON"},"content":{"rendered":"<h4><span style=\"color: #333399\"><strong><span style=\"color: #800080\">Program NEON \u2013 \u00bbVarni brez nasilja\u00ab<a href=\"http:\/\/sola-poljane.splet.arnes.si\/files\/2019\/09\/NEON-logo.jpg\"><img loading=\"lazy\" decoding=\"async\" class=\"alignright wp-image-14509 \" src=\"http:\/\/sola-poljane.splet.arnes.si\/files\/2019\/09\/NEON-logo.jpg\" alt=\"\" width=\"149\" height=\"106\" srcset=\"https:\/\/sola-poljane.splet.arnes.si\/files\/2019\/09\/NEON-logo.jpg 132w, https:\/\/sola-poljane.splet.arnes.si\/files\/2019\/09\/NEON-logo-77x55.jpg 77w\" sizes=\"auto, (max-width: 149px) 100vw, 149px\" \/><\/a><\/span><\/strong><\/span><\/h4>\n<p>Cilj programa je krepiti varovalne dejavnike otrok, mladostnikov, njihovih star\u0161ev in strokovnih delavcev za za\u0161\u010dito otrok in mladostnikov pred nasiljem. Program promovira celovit pristop VIZ k preventivi nasilja. Osvetli pomembno podporno vlogo vrstnikov, ki so npr. pri\u010de vrstni\u0161kemu nasilju. Krepi jih, da bi se podporno odzvali in pomagali ustaviti nasilje nad vrstniki. Tudi v primerih spolnega nasilja lahko podpora vrstnikov pomembno vpliva na odlo\u010ditev otroka z izku\u0161njo nasilja za razkritje nasilja. Program vklju\u010duje tudi star\u0161e in zaposlene v VIZ kot pomembne podporne osebe za prepre\u010devanje vrstni\u0161kega in spolnega nasilja.<\/p>\n<p><a href=\"http:\/\/sola-poljane.splet.arnes.si\/files\/2019\/09\/pravice-napis.jpg\"><img loading=\"lazy\" decoding=\"async\" class=\" wp-image-14617 alignleft\" src=\"http:\/\/sola-poljane.splet.arnes.si\/files\/2019\/09\/pravice-napis.jpg\" alt=\"\" width=\"133\" height=\"189\" srcset=\"https:\/\/sola-poljane.splet.arnes.si\/files\/2019\/09\/pravice-napis.jpg 152w, https:\/\/sola-poljane.splet.arnes.si\/files\/2019\/09\/pravice-napis-39x55.jpg 39w\" sizes=\"auto, (max-width: 133px) 100vw, 133px\" \/><\/a>Posledice nasilja in zlorabe negativno vplivajo na fizi\u010dno in psihi\u010dno po\u010dutje otrok, njihovo telesno in du\u0161evno zdravje. Te posledice lahko zelo grobo \u00bbpose\u017eejo\u00ab v njihov osebnostni razvoj, medosebne odnose, mo\u017enosti za \u0161olanje, ustvarjanje, brezskrbno igro.<\/p>\n<p>Primarna preventiva je eden klju\u010dnih dejavnikov za za\u0161\u010dito otrok, mladostnic in mladostnikov pred razli\u010dnimi oblikami nasilja in zlorab.<\/p>\n<p>Program bomo izvajali v 2., 3., 4., 5., 7. in 8. razredu.<\/p>\n<p>Ve\u010d informacij na <a href=\"https:\/\/www.programneon.eu\/\" target=\"_blank\" rel=\"noopener noreferrer\">https:\/\/www.programneon.eu\/<\/a>.<\/p>\n<h5><a href=\"http:\/\/sola-poljane.splet.arnes.si\/files\/2019\/09\/pravice-1.jpg\"><img loading=\"lazy\" decoding=\"async\" class=\"wp-image-14625 alignnone\" src=\"http:\/\/sola-poljane.splet.arnes.si\/files\/2019\/09\/pravice-1-300x141.jpg\" alt=\"\" width=\"349\" height=\"164\" srcset=\"https:\/\/sola-poljane.splet.arnes.si\/files\/2019\/09\/pravice-1-300x141.jpg 300w, https:\/\/sola-poljane.splet.arnes.si\/files\/2019\/09\/pravice-1-768x361.jpg 768w, https:\/\/sola-poljane.splet.arnes.si\/files\/2019\/09\/pravice-1-1024x482.jpg 1024w, https:\/\/sola-poljane.splet.arnes.si\/files\/2019\/09\/pravice-1-117x55.jpg 117w, https:\/\/sola-poljane.splet.arnes.si\/files\/2019\/09\/pravice-1-947x445.jpg 947w, https:\/\/sola-poljane.splet.arnes.si\/files\/2019\/09\/pravice-1-624x294.jpg 624w, https:\/\/sola-poljane.splet.arnes.si\/files\/2019\/09\/pravice-1.jpg 1131w\" sizes=\"auto, (max-width: 349px) 100vw, 349px\" \/><\/a><\/h5>\n<h5><span style=\"color: #ff6600\"><strong>Za u\u010dence 4. razreda, ki so \u017ee imeli delavnice:<\/strong><\/span><\/h5>\n<p>Povezava kjer preveri\u0161 <a href=\"https:\/\/www.security.org\/how-secure-is-my-password\/\" target=\"_blank\" rel=\"noopener\">varnost tvojega gesla<\/a>.<\/p>\n<p>&nbsp;<\/p>\n<h5><em><span style=\"color: #993366\"><strong>Gradiva za otroke in mladostnike<br \/>\n<\/strong><\/span><\/em><\/h5>\n<p><a href=\"https:\/\/www.programneon.eu\/wp-content\/uploads\/2019\/11\/Zgibanka-Reci-ne-nasilju_2019.pdf\" target=\"_blank\" rel=\"noopener noreferrer\">Zgibanka Reci ne nasilju<\/a><\/p>\n<p><a href=\"https:\/\/www.programneon.eu\/kako-nekomu-povedati-da-dozivljas-da-se-ti-dogaja-vrstnisko-nasilje\/\" target=\"_blank\" rel=\"noopener noreferrer\">Kako nekomu povedati, da do\u017eivlja\u0161 (da se ti dogaja) vrstni\u0161ko nasilje?<\/a><\/p>\n<p><a href=\"https:\/\/sola-poljane.splet.arnes.si\/files\/2021\/04\/knjizica-za-otroke_stisnjeno.pdf\" target=\"_blank\" rel=\"noopener noreferrer\">Klju\u010dne informacije za varno rabo dru\u017ebenih omre\u017eij za otroke<\/a><\/p>\n<p><a href=\"https:\/\/sola-poljane.splet.arnes.si\/files\/2021\/04\/knjizica-za-mlade_stisnjeno.pdf\" target=\"_blank\" rel=\"noopener noreferrer\">Klju\u010dne informacije za varno rabo dru\u017ebenih omre\u017eij za mlade<\/a><\/p>\n<p><a href=\"https:\/\/sola-poljane.splet.arnes.si\/files\/2019\/09\/leposlovje.pdf\" target=\"_blank\" rel=\"noopener noreferrer\">Seznam leposlovja za otroke, mladostnike in star\u0161e, ki ga lahko dobite v \u0161olski knji\u017enici.<\/a><\/p>\n<h5><em><strong><span style=\"color: #993366\">Gradiva za odrasle<\/span><br \/>\n<\/strong><\/em><\/h5>\n<p><a href=\"https:\/\/sola-poljane.splet.arnes.si\/files\/2019\/09\/Kako-se-lahko-o-neprijetnih-stvareh-pogovarjamo-na-varen-pozitiven-na\u010din.pdf\" target=\"_blank\" rel=\"noopener noreferrer\">Kako se lahko o neprijetnih stvareh pogovarjamo na varen, pozitiven na\u010din<\/a><\/p>\n<p><a href=\"https:\/\/www.programneon.eu\/wp-content\/uploads\/2019\/11\/Zlo\u017eenka-za-star\u0161e_Varni-brez-vrstni\u0161kega-nasilja.pdf\" target=\"_blank\" rel=\"noopener noreferrer\">Zlo\u017eenka za star\u0161e_Program NEON \u2013 Varni brez vrstni\u0161kega nasilja<\/a><\/p>\n<p><a href=\"https:\/\/sola-poljane.splet.arnes.si\/files\/2021\/04\/Zgibanka-za-star\u0161e_program-NEON-za-preventivo-nasilja-in-zlorabe-otrok_O\u0160.pdf\" target=\"_blank\" rel=\"noopener noreferrer\">Zlo\u017eenka za star\u0161e_Program NEON za osnovno \u0161olo<\/a><\/p>\n<p><a href=\"https:\/\/sola-poljane.splet.arnes.si\/files\/2021\/05\/NEON_Zlozenka-za-starse_VPRA\u0160ALNIK.pdf\">Zlo\u017eenka za star\u0161e Preventiva medvrstni\u0161kega nasilja_Sodelovanje star\u0161ev je klju\u010dno.<\/a><\/p>\n<p><a href=\"https:\/\/sola-poljane.splet.arnes.si\/files\/2021\/04\/knjizica-za-odrasle_stisnjeno.pdf\" target=\"_blank\" rel=\"noopener noreferrer\">Klju\u010dne informacije o varni rabi dru\u017ebenih omre\u017eij za star\u0161e in u\u010ditelje<\/a><\/p>\n<p><a href=\"https:\/\/www.programneon.eu\/kako-govoriti-o-spolnem-vedenju-otrok-in-izpostavljenosti-pornografiji\/\" target=\"_blank\" rel=\"noopener noreferrer\">Kako govoriti o spolnem vedenju otrok in izpostavljenosti pornografiji?<\/a><\/p>\n<p><a href=\"https:\/\/www.zdravniskazbornica.si\/informacije-publikacije-in-analize\/zasloni\" target=\"_blank\" rel=\"noopener\">Smernice za uporabo zaslonov pri otrocih in mladostnikih<\/a> (internetna stran Zdravni\u0161ke zbornice Slovenije)<\/p>\n<p><a href=\"https:\/\/online.pubhtml5.com\/agha\/giyr\/\" target=\"_blank\" rel=\"noopener\">Smernice za uporabo zaslonov pri otrocih in mladostnikih<\/a> (bro\u0161ura)<\/p>\n<p><a href=\"https:\/\/sola-poljane.splet.arnes.si\/files\/2023\/02\/smernice_za_uporabo_zaslonov.pdf\" target=\"_blank\" rel=\"noopener\">Smernice za uporabo zaslonov pri otrocih in mladostnikih<\/a> (zlo\u017eenka)<\/p>\n<p><span style=\"color: #993366\"><a href=\"https:\/\/sola-poljane.splet.arnes.si\/files\/2019\/09\/strokovna-literatura-o-nasilju.pdf\" target=\"_blank\" rel=\"noopener noreferrer\">Seznam strokvne literature, ki jo lahko dobite v \u0161olski knji\u017enici.<\/a><\/span><\/p>\n<p><a href=\"https:\/\/sola-poljane.splet.arnes.si\/files\/2021\/04\/Priporo\u010deno-gradivo_preventiva-nasilja.pdf\" target=\"_blank\" rel=\"noopener noreferrer\">Priporo\u010deno gradivo_preventiva nasilja<\/a><\/p>\n<p class=\"elementor-heading-title elementor-size-default\"><a href=\"https:\/\/endsexualexploitation.org\/dirty-dozen-list-2024\/\" target=\"_blank\" rel=\"noopener\">Seznam Dirty Dozen<\/a> je letna kampanja, ki poziva dvanajst glavnih subjektov, ki spodbujajo, omogo\u010dajo in imajo celo dobi\u010dek iz spolne zlorabe in izkori\u0161\u010danja.<\/p>\n<h5><em><strong><span style=\"color: #800080\">Koristne povezave<\/span><\/strong><\/em><\/h5>\n<p><b>Ve\u010d slovenskih virov o varni uporabi interneta:<\/b><\/p>\n<ul>\n<li><a href=\"https:\/\/www.spletno-oko.si\/\" target=\"_blank\" rel=\"noopener noreferrer\">Prijavna to\u010dka Spletno oko<\/a><\/li>\n<li><u><a href=\"https:\/\/safe.si\/\" target=\"_blank\" rel=\"noopener noreferrer\">Safe.si<\/a><\/u><\/li>\n<li><a href=\"https:\/\/www.varninainternetu.si\/\" target=\"_blank\" rel=\"noopener noreferrer\">Varni na internetu<\/a><\/li>\n<li><u><a href=\"http:\/\/www.programneon.eu\/\" target=\"_blank\" rel=\"noopener noreferrer\">Program NEON<\/a><\/u><\/li>\n<li><u><a href=\"https:\/\/casoris.si\/\" target=\"_blank\" rel=\"noopener noreferrer\">\u010casoris<\/a><\/u><\/li>\n<li><a href=\"https:\/\/www.cert.si\" target=\"_blank\" rel=\"noopener noreferrer\">SI CERT je nacionalni odzivni center za kibernetsko varnost<\/a><\/li>\n<li><a href=\"http:\/\/odklikni.enakostspolov.si\" target=\"_blank\" rel=\"noopener noreferrer\">http:\/\/odklikni.enakostspolov.si<\/a><\/li>\n<\/ul>\n<p><b>Zanimivi tuji viri:<\/b><\/p>\n<ul>\n<li><a href=\"https:\/\/howsecureismypassword.net\/\" target=\"_blank\" rel=\"noopener noreferrer\">Kako varno je moje geslo<\/a><\/li>\n<li><u><a href=\"https:\/\/www.thinkuknow.co.uk\/\" target=\"_blank\" rel=\"noopener noreferrer\">Think U Now<\/a><\/u><\/li>\n<li><u><a href=\"https:\/\/www.commonsensemedia.org\/\" target=\"_blank\" rel=\"noopener noreferrer\">Common Sense Media<\/a><\/u><\/li>\n<li><a href=\"https:\/\/www.anti-bullyingalliance.org.uk\/\" target=\"_blank\" rel=\"noopener noreferrer\">Anti-bullying alliance<\/a><\/li>\n<li><a href=\"https:\/\/www.ditchthelabel.org\/\" target=\"_blank\" rel=\"noopener noreferrer\">Ditch the label<\/a><\/li>\n<li><a href=\"https:\/\/www.youtube.com\/watch?v=7Aaj4bf0svw\" target=\"_blank\" rel=\"noopener\">Je Roblox varna platforma?<\/a><\/li>\n<\/ul>\n<h5><em><strong><span style=\"color: #993366\">Videovsebine<\/span><\/strong><\/em><\/h5>\n<ul>\n<li><a href=\"https:\/\/www.youtube.com\/watch?v=gKsOquoWvkI\" target=\"_blank\" rel=\"noopener noreferrer\">Say No! <\/a>(Slovenia Slovenian) A campaign against online sexual coercion and extortion of children<\/li>\n<li><a href=\"https:\/\/www.youtube.com\/watch?v=l_3EEp1KG28\" target=\"_blank\" rel=\"noopener noreferrer\">Marinina zgodba<\/a><\/li>\n<li><a href=\"https:\/\/www.youtube.com\/watch?v=bkXR4Va7Oto\" target=\"_blank\" rel=\"noopener noreferrer\">Janova zgodba<\/a><\/li>\n<li><a href=\"http:\/\/www.youtube.com\/watch?v=ENDaPqR6vzM\" target=\"_blank\" rel=\"noopener noreferrer\">Marijina zgodba<\/a><\/li>\n<li><a href=\"https:\/\/www.youtube.com\/watch?v=8Rvwu0yMMX0\" target=\"_blank\" rel=\"noopener noreferrer\">Juretova zgodba<\/a><\/li>\n<li><a href=\"https:\/\/www.youtube.com\/watch?v=kjyZyo8VMjU\" target=\"_blank\" rel=\"noopener noreferrer\">Zgodba \u0161tudentke<\/a><\/li>\n<li><a href=\"https:\/\/www.youtube.com\/watch?v=Vjf3PE2bjgQ\" target=\"_blank\" rel=\"noopener noreferrer\">Prijava nasilja<\/a><\/li>\n<li><a class=\"aalink\" href=\"https:\/\/www.youtube.com\/playlist?list=PLBC4DOBK3G8fr44QTI0Lj4qQiHM_-vLtu\" target=\"_blank\" rel=\"noopener\"><span class=\"instancename\">Videoposnetki o medvrstni\u0161kem, spletnem in spolnem nasilju za odrasle<\/span><\/a><\/li>\n<li><a href=\"https:\/\/www.youtube.com\/channel\/UCZv2eizzSpRngX7XbamzS4g\/videos\" target=\"_blank\" rel=\"noopener noreferrer\">\u0160e ostale video vsebine ISA Instituta<\/a><\/li>\n<li>prof. dr. Katje Ko\u0161ir: <a href=\"https:\/\/www.youtube.com\/watch?v=89W58U_vDww\" target=\"_blank\" rel=\"noopener noreferrer\">Do\u017eivljanje medvrstni\u0161kega nasilja in mo\u017egani mladostnika<\/a><\/li>\n<li><a href=\"https:\/\/www.youtube.com\/watch?v=89fnOj-wLSU\">(60) Caught in the Net Trailer | CPH:DOX 2020 &#8211; YouTube (dokumentarni film)<\/a><\/li>\n<li><a href=\"https:\/\/www.youtube.com\/watch?v=F4WZ_k0vUDM\" target=\"_blank\" rel=\"noopener\">Video<\/a>, kako se lahko podatkiv\/fotografije otroka, ki so jih star\u0161i objavili na spletu, uporabijo\/zlorabijo s pomo\u010djo umetne iteligence.<\/li>\n<li>Kratek animiran <a href=\"https:\/\/www.youtube.com\/watch?v=ioaY1z2trx4\" target=\"_blank\" rel=\"noopener\">film\u010dek<\/a> o fantu, ki se je bil zmo\u017een igrati zunaj.<\/li>\n<li><a href=\"https:\/\/www.lahkonocnice.si\/\">Slovenske pravljice za lahko no\u010d | Lahkono\u010dnice (lahkonocnice.si)<\/a> Med drugimi pravljicami najdete tudi pravljice o medvrstni\u0161kem nasilju za najmlaj\u0161e.<\/li>\n<\/ul>\n<p class=\"post-title\">&nbsp;<\/p>\n","protected":false},"excerpt":{"rendered":"<p>Program NEON \u2013 \u00bbVarni brez nasilja\u00ab Cilj programa je krepiti [&hellip;]<\/p>\n","protected":false},"author":54103,"featured_media":0,"parent":8596,"menu_order":10,"comment_status":"closed","ping_status":"closed","template":"","meta":{"ngg_post_thumbnail":0,"footnotes":""},"class_list":["post-14441","page","type-page","status-publish","hentry"],"_links":{"self":[{"href":"https:\/\/sola-poljane.splet.arnes.si\/index.php?rest_route=\/wp\/v2\/pages\/14441","targetHints":{"allow":["GET"]}}],"collection":[{"href":"https:\/\/sola-poljane.splet.arnes.si\/index.php?rest_route=\/wp\/v2\/pages"}],"about":[{"href":"https:\/\/sola-poljane.splet.arnes.si\/index.php?rest_route=\/wp\/v2\/types\/page"}],"author":[{"embeddable":true,"href":"https:\/\/sola-poljane.splet.arnes.si\/index.php?rest_route=\/wp\/v2\/users\/54103"}],"replies":[{"embeddable":true,"href":"https:\/\/sola-poljane.splet.arnes.si\/index.php?rest_route=%2Fwp%2Fv2%2Fcomments&post=14441"}],"version-history":[{"count":15,"href":"https:\/\/sola-poljane.splet.arnes.si\/index.php?rest_route=\/wp\/v2\/pages\/14441\/revisions"}],"predecessor-version":[{"id":51645,"href":"https:\/\/sola-poljane.splet.arnes.si\/index.php?rest_route=\/wp\/v2\/pages\/14441\/revisions\/51645"}],"up":[{"embeddable":true,"href":"https:\/\/sola-poljane.splet.arnes.si\/index.php?rest_route=\/wp\/v2\/pages\/8596"}],"wp:attachment":[{"href":"https:\/\/sola-poljane.splet.arnes.si\/index.php?rest_route=%2Fwp%2Fv2%2Fmedia&parent=14441"}],"curies":[{"name":"wp","href":"https:\/\/api.w.org\/{rel}","templated":true}]}}