{"id":13123,"date":"2019-02-21T09:00:02","date_gmt":"2019-02-21T08:00:02","guid":{"rendered":"http:\/\/sola-poljane.splet.arnes.si\/?page_id=13123"},"modified":"2019-06-28T21:37:48","modified_gmt":"2019-06-28T19:37:48","slug":"pomembni-dogodki-v-os-poljane","status":"publish","type":"page","link":"https:\/\/sola-poljane.splet.arnes.si\/?page_id=13123","title":{"rendered":"Pomembni dogodki v O\u0160 Poljane"},"content":{"rendered":"<a href=\"http:\/\/sola-poljane.splet.arnes.si\/?page_id=12999\"class=\"wpz-sc-button small\" style=\";background:#378DBD\"><span><i class=\"fa fa-home\" style=\"padding-right:6px;\"><\/i>Poslanstvo in vizija \u0161ole<\/span><\/a>\n<a href=\"http:\/\/sola-poljane.splet.arnes.si\/?page_id=13003\"class=\"wpz-sc-button small\" style=\";background:#378DBD\"><span><i class=\"fa fa-home\" style=\"padding-right:6px;\"><\/i>Poljane<\/span><\/a>\n<a href=\"http:\/\/sola-poljane.splet.arnes.si\/?page_id=13007\"class=\"wpz-sc-button small\" style=\";background:#378DBD\"><span><i class=\"fa fa-home\" style=\"padding-right:6px;\"><\/i>Iz \u0161olskih kronik 1879-2018<\/span><\/a>\n<a href=\"http:\/\/sola-poljane.splet.arnes.si\/?page_id=13123\"class=\"wpz-sc-button small\" style=\";background:#378DBD\"><span><i class=\"fa fa-home\" style=\"padding-right:6px;\"><\/i>Pomembni dogodki v O\u0160 Poljane<\/span><\/a>\n<a href=\"http:\/\/sola-poljane.splet.arnes.si\/?page_id=13011\"class=\"wpz-sc-button small\" style=\";background:#378DBD\"><span><i class=\"fa fa-home\" style=\"padding-right:6px;\"><\/i>Freske Iveta \u0160ubica v na\u0161i \u0161oli<\/span><\/a>\n<a href=\"http:\/\/sola-poljane.splet.arnes.si\/?page_id=13017\"class=\"wpz-sc-button small\" style=\";background:#378DBD\"><span><i class=\"fa fa-home\" style=\"padding-right:6px;\"><\/i>Znameniti Poljanci<\/span><\/a>\n<p>&nbsp;<\/p>\n<p><span style=\"color: #993300\"><strong>150-letnica rojstva dr. Ivana Tav\u010darja (2001) <\/strong><\/span><\/p>\n<p>Ob 150-letnici pisateljevega rojstva je Po\u0161ta Slovenije na pobudo Osnovne \u0161ole Poljane v seriji Znamenite osebnosti izdala prilo\u017enostno znamko.<\/p>\n<p>&nbsp;<\/p>\n<p><span style=\"color: #993300\"><strong>Darwinovo potovanje z ladjo Beagle <\/strong><\/span><\/p>\n<p>Osnovna \u0161ola Poljane je z donatorji in posamezniki ob mednarodnem dnevu Zemlje leta 2002 odkupila globus Darwinova pot z ladjo Beagle akademske slikarke Maje \u0160ubic in ob tem dogodku izdala prilo\u017enostne znamke.<\/p>\n<p>&nbsp;<\/p>\n<p><span style=\"color: #993300\"><strong>100 let Osnovne \u0161ole Javorje<\/strong><\/span><\/p>\n<p>\u00bbKje so Javorje? Nekje v Poljanski dolini. V Cerknem vstopiva v avtobus in sprevodnik je vedel za to hribovsko vas. Dal nama je vozovnici do Poljan. Sedaj pa pot pod noge in hajdi v Javorje \u2026\u00ab je v spominih zapisala u\u010diteljica Ivanka Dem\u0161ar, ko je se je leta 1951 skupaj s prijateljico odpravila na ogled svojega slu\u017ebenega mesta. O\u0160 Poljane je ob 100-letnici Osnovne \u0161ole Javorje leta 2005 izdala publikacijo, ki prikazuje, da je \u017ee nekdaj \u0161olanje potekalo tudi v odro\u010dnih krajih.<\/p>\n<p>&nbsp;<\/p>\n<p><span style=\"color: #993300\"><strong>Mednarodni projekt Mit H\u00e4nd und Fia\u00df <\/strong><\/span><\/p>\n<p>U\u010denci O\u0160 Poljane so bili v letu 2007\u00a0 vklju\u010deni v ta mednarodni projekt, ki ga je podpirala in financirala avstrijska<br \/>\nvlada. Poleg\u00a0 na\u0161e \u0161ole iz Slovenije so sodelovale \u0161e \u0161ole iz Avstrije, \u010ce\u0161ke, Mad\u017earske in Slova\u0161ke. U\u010denci so izdelovali like \u017eivali, dreves in abstraktne figure, nekatere pobarvali in odtisnili na papir, na druge napeli strune in zvoke posneli. U\u010denci so spoznali, da umetnost lahko pove ve\u010d kot tiso\u010d besed. Ob zaklju\u010dku projekta so izdali prilo\u017enostno znamko.<\/p>\n<p>&nbsp;<\/p>\n<p><span style=\"color: #993300\"><strong>Odprtje nove \u0161portne dvorane<\/strong><\/span><\/p>\n<p>V za\u010detku \u0161olskega leta 2007\/2008 smo slovesno odprli novo \u0161portno dvorano pri na\u0161i \u0161oli.<\/p>\n<p>&nbsp;<\/p>\n<p><span style=\"color: #993300\"><strong>170-letnica rojstva in 100-letnica smrti Janeza Jesenka, geografa, zgodovinarja <\/strong><strong>in prevajalca <\/strong><\/span><\/p>\n<p>\u0160ola je oktobra 2008 v sodelovanju z LD Poljane in Zvezo geografov Slovenije po\u010dastila pomembni obletnici z odkritjem spominske plo\u0161\u010de na njegovi rojstni hi\u0161i Na produ, s pripravo razstave njegovih del in z izdajo publikacije.<\/p>\n<p>&nbsp;<\/p>\n<p><span style=\"color: #993300\"><strong>130 let organiziranega \u0161olstva v Poljanah<\/strong><\/span><\/p>\n<p>Kronika \u0161ole je trajen in dragocen dokument, \u0161e dragocenej\u0161i je, \u010de sega v zgodovino. Ob prebiranju teh knjig je nastala ideja, da bi posamezne pomembne dogodke zbrali in izdali v posebni publikaciji. To nam je uspelo in tako smo omogo\u010dili \u0161ir\u0161emu krogu bralcev vpogled v zgodovino organiziranega \u0161olstva v Poljanah. In verjemite, podatki so zanimivi, v\u010dasih nas presenetijo, saj so kljub zgodovinskemu \u010dasu aktualni \u0161e danes.<br \/>\nPovzetek kronik je \u0161ola izdala v za\u010detku leta 2010.<\/p>\n<p>&nbsp;<\/p>\n<p><span style=\"color: #993300\"><strong>Obletnice v letu 2017<\/strong><\/span><\/p>\n<p>Leto 2017 je bilo leto obletnic: 30-letnica O\u0160 Poljane, 30-letnica Vrtca Agata, 20-letnica samostojne O\u0160 Poljane in 10-letnica odprtja nove \u0161portne dvorane in igri\u0161\u010da.<br \/>\nPraznovanja smo sklenili s kulturno prireditvijo, ki so se jo udele\u017eili \u0161tevilni gostje.<\/p>\n","protected":false},"excerpt":{"rendered":"<p>&nbsp; 150-letnica rojstva dr. Ivana Tav\u010darja (2001) Ob 150-letnici pisateljevega [&hellip;]<\/p>\n","protected":false},"author":1973,"featured_media":0,"parent":12999,"menu_order":0,"comment_status":"closed","ping_status":"closed","template":"","meta":{"ngg_post_thumbnail":0,"footnotes":""},"class_list":["post-13123","page","type-page","status-publish","hentry"],"_links":{"self":[{"href":"https:\/\/sola-poljane.splet.arnes.si\/index.php?rest_route=\/wp\/v2\/pages\/13123","targetHints":{"allow":["GET"]}}],"collection":[{"href":"https:\/\/sola-poljane.splet.arnes.si\/index.php?rest_route=\/wp\/v2\/pages"}],"about":[{"href":"https:\/\/sola-poljane.splet.arnes.si\/index.php?rest_route=\/wp\/v2\/types\/page"}],"author":[{"embeddable":true,"href":"https:\/\/sola-poljane.splet.arnes.si\/index.php?rest_route=\/wp\/v2\/users\/1973"}],"replies":[{"embeddable":true,"href":"https:\/\/sola-poljane.splet.arnes.si\/index.php?rest_route=%2Fwp%2Fv2%2Fcomments&post=13123"}],"version-history":[{"count":4,"href":"https:\/\/sola-poljane.splet.arnes.si\/index.php?rest_route=\/wp\/v2\/pages\/13123\/revisions"}],"predecessor-version":[{"id":14289,"href":"https:\/\/sola-poljane.splet.arnes.si\/index.php?rest_route=\/wp\/v2\/pages\/13123\/revisions\/14289"}],"up":[{"embeddable":true,"href":"https:\/\/sola-poljane.splet.arnes.si\/index.php?rest_route=\/wp\/v2\/pages\/12999"}],"wp:attachment":[{"href":"https:\/\/sola-poljane.splet.arnes.si\/index.php?rest_route=%2Fwp%2Fv2%2Fmedia&parent=13123"}],"curies":[{"name":"wp","href":"https:\/\/api.w.org\/{rel}","templated":true}]}}