{"id":13017,"date":"2019-06-28T12:15:39","date_gmt":"2019-06-28T10:15:39","guid":{"rendered":"http:\/\/sola-poljane.splet.arnes.si\/?page_id=13017"},"modified":"2019-06-28T12:15:39","modified_gmt":"2019-06-28T10:15:39","slug":"znameniti-poljanci","status":"publish","type":"page","link":"https:\/\/sola-poljane.splet.arnes.si\/?page_id=13017","title":{"rendered":"Znameniti Poljanci"},"content":{"rendered":"<a href=\"http:\/\/sola-poljane.splet.arnes.si\/?page_id=12999\"class=\"wpz-sc-button small\" style=\";background:#378DBD\"><span><i class=\"fa fa-home\" style=\"padding-right:6px;\"><\/i>Poslanstvo in vizija \u0161ole<\/span><\/a>\n<a href=\"http:\/\/sola-poljane.splet.arnes.si\/?page_id=13003\"class=\"wpz-sc-button small\" style=\";background:#378DBD\"><span><i class=\"fa fa-home\" style=\"padding-right:6px;\"><\/i>Poljane<\/span><\/a>\n<a href=\"http:\/\/sola-poljane.splet.arnes.si\/?page_id=13007\"class=\"wpz-sc-button small\" style=\";background:#378DBD\"><span><i class=\"fa fa-home\" style=\"padding-right:6px;\"><\/i>Iz \u0161olskih kronik 1879-2018<\/span><\/a>\n<a href=\"http:\/\/sola-poljane.splet.arnes.si\/?page_id=13123\"class=\"wpz-sc-button small\" style=\";background:#378DBD\"><span><i class=\"fa fa-home\" style=\"padding-right:6px;\"><\/i>Pomembni dogodki v O\u0160 Poljane<\/span><\/a>\n<a href=\"http:\/\/sola-poljane.splet.arnes.si\/?page_id=13011\"class=\"wpz-sc-button small\" style=\";background:#378DBD\"><span><i class=\"fa fa-home\" style=\"padding-right:6px;\"><\/i>Freske Iveta \u0160ubica v na\u0161i \u0161oli<\/span><\/a>\n<a href=\"http:\/\/sola-poljane.splet.arnes.si\/?page_id=13017\"class=\"wpz-sc-button small\" style=\";background:#378DBD\"><span><i class=\"fa fa-home\" style=\"padding-right:6px;\"><\/i>Znameniti Poljanci<\/span><\/a>\n<p>&nbsp;<\/p>\n<p style=\"text-align: center\"><span style=\"color: #0000ff\"><strong>\u0160TEFAN \u0160UBIC (1820\u20131884), slikar<\/strong><\/span><\/p>\n<p style=\"text-align: left\">Rodil se je v Hotovlji v Divjakovem mlinu. Deloval je tudi kot kipar in rezbar. Najve\u010d njegovih del je po cerkvah na Gorenjskem in Dolenjskem.<\/p>\n<p style=\"text-align: center\"><img decoding=\"async\" src=\"http:\/\/sola-poljane.splet.arnes.si\/files\/2018\/06\/%C5%A0tefan-%C5%A0ubic-1.jpg\" \/><\/p>\n<p style=\"text-align: center\"><span style=\"color: #ff6600\"><strong>***********************************************************************************<\/strong><\/span><\/p>\n<p style=\"text-align: center\">\n<p style=\"text-align: center\"><span style=\"color: #0000ff\"><strong>JANEZ JESENKO (1838\u20131908), geograf in zgodovinar\u00a0<\/strong><\/span><\/p>\n<p style=\"text-align: left\">Rodil se je v Poljanah. Bil je znanstvenik in pisec slovenskih u\u010dnih knjig iz zgodovine in geografije. Obvladal je ve\u010d jezikov, bil je tudi prevajalec (predvsem iz angle\u0161\u010dine in franco\u0161\u010dine). Najbolj znan je njegov prevod Goldsmithovega romana \u017dupnik Wakefieldski. V svojih visoko strokovnih u\u010dbenikih je upo\u0161teval vse izsledke sodobne svetovne znanosti in s svojim znanstvenim delom polo\u017eil prve temelje slovenskemu geografskemu izrazoslovju. Svoje imetje je namenil ustanovitvi dija\u0161kega \u0160tipendijskega sklada in podpiral \u0161tudij sorodnikov iz doma\u010dega kraja.<\/p>\n<p style=\"text-align: center\"><span style=\"color: #ff6600\"><strong>***********************************************************************************<\/strong><\/span><\/p>\n<p style=\"text-align: center\">\n<p style=\"text-align: center\"><span style=\"color: #0000ff\"><strong>IVAN FRANKE (1841\u20131927), slikar <\/strong><\/span><\/p>\n<p style=\"text-align: left\">Rodil se je v Dobju. Kot \u0161tudent je potoval na Kitajsko. Bil je portretist in krajinar. Ve\u010d let je bil u\u010ditelj risanja na gimnaziji v Kranju, potem pa je u\u010dil risanje v ve\u010d zavodih v Ljubljani. Kot izvedenec za spomeni\u0161ko varstvo je napisal ve\u010d razprav o umetnostnih spomenikih. Znan je tudi kot strokovnjak za ribi\u0161tvo. Ustanovil je prve umetne ribogojnice, sodeloval pri sestavljanju ribi\u0161kega zakona za Kranjsko, raz\u0161irjal nove vrste postrvi, pisal \u010dlanke o ribi\u0161tvu in sestavil zemljevid o raz\u0161irjenosti ribjih vrst po kranjskih rekah.<\/p>\n<p style=\"text-align: center\"><img decoding=\"async\" src=\"http:\/\/sola-poljane.splet.arnes.si\/files\/2018\/06\/Ivan_Franke-215x300.jpg\" \/><\/p>\n<p style=\"text-align: center\"><span style=\"color: #ff6600\"><strong>***********************************************************************************<\/strong><\/span><\/p>\n<p style=\"text-align: center\">\n<p style=\"text-align: center\"><span style=\"color: #0000ff\"><strong>JANEZ \u0160UBIC (1850\u20131889), slikar<\/strong><\/span><\/p>\n<p style=\"text-align: left\">Rodil se je v Poljanah pri \u0160tefanu. U\u010dil se je v Ljubljani pri Janezu Wolfu, nato v Benetkah in Rimu, kjer je ustvaril veliko koloristi\u010dno bogatih pejsa\u017eev in manj\u0161ih oljnih del. Njegovo najbolj\u0161e delo je \u010cude\u017e sv. Martina \u0160martnem. S sr\u010dno zavzetim, a \u0161e vedno akademsko usmerjenim realizmom je upodobil svoje doma\u010de in vrsto kme\u010dkih ljudi.<\/p>\n<p style=\"text-align: center\"><img decoding=\"async\" src=\"http:\/\/sola-poljane.splet.arnes.si\/files\/2018\/06\/Janez_%C5%A0ubic-ml.-1-230x300.jpg\" \/><\/p>\n<p style=\"text-align: center\"><span style=\"color: #ff6600\"><strong>***********************************************************************************<\/strong><\/span><\/p>\n<p style=\"text-align: center\">\n<p style=\"text-align: center\"><span style=\"color: #0000ff\"><strong>IVAN TAV\u010cAR (1851\u20131923), pravnik, pisatelj<\/strong><\/span><\/p>\n<p style=\"text-align: left\">Rodil se je v Poljanah na doma\u010diji \u00bbpri Kosmu\u00ab. Po kon\u010dani osnovni \u0161oli je \u0161olanje nadaljeval na gimnaziji v Ljubljani in Novem mestu. Na Dunaju je dokon\u010dal \u0161tudij prava. Bil je odvetni\u0161ki pripravnik v Kranju in Ljubljani, potem pa je imel v Ljubljani samostojno odvetni\u0161ko pisarno. Ob tem se je veliko ukvarjal s politiko, bil je de\u017eelni in dr\u017eavni poslanec ter dolgoletni ljubljanski \u017eupan. Veliko \u010dasa je prebil tudi na svojem dvorcu na Visokem pri Poljanah, od koder je obiskoval doma\u010dije v poljanskem hribovju. Iz teh do\u017eivetij je \u010drpal snov za svoja pisateljska dela, od katerih so najpomembnej\u0161a: zgodovinski roman Viso\u0161ka kronika, povest Cvetje v jeseni, kraj\u0161e pripovedne zbirke Med gorami, V Zali &#8230; Umrl je v Ljubljani, pokopan pa je v dru\u017einski grobnici na Visokem.<\/p>\n<p><img decoding=\"async\" class=\"aligncenter\" src=\"http:\/\/sola-poljane.splet.arnes.si\/files\/2018\/06\/Ivan-Tav%C4%8Dar1-192x300.jpg\" \/><\/p>\n<p style=\"text-align: center\"><span style=\"color: #ff6600\"><strong>***********************************************************************************<\/strong><\/span><\/p>\n<p style=\"text-align: center\">\n<p style=\"text-align: center\"><span style=\"color: #0000ff\"><strong>JURIJ \u0160UBIC (1855\u20131890), slikar<\/strong><\/span><\/p>\n<p style=\"text-align: left\">Rodil se je v Poljanah pri \u0160tefanu. \u0160tudiral je pri Janezu Wolfu v Ljubljani. \u0160tudij je nadaljeval na dunajski akademiji. Delal je v Bosni, Atenah in Parizu. V Normandiji je slikal pokrajinske in \u017eanrske motive. Njegova dela \u017ee napovedujejo impresionizem. Naslikal je ve\u010d oltarnih slik ter s freskami pokril strop pri Sv. Jakobu v Ljubljani in strop v preddverju ljubljanskega Narodnega muzeja.<\/p>\n<p style=\"text-align: center\"><img decoding=\"async\" src=\"http:\/\/sola-poljane.splet.arnes.si\/files\/2018\/06\/jurij-%C5%A1ubic1-206x300.jpg\" \/><\/p>\n<p style=\"text-align: center\"><span style=\"color: #ff6600\"><strong>***********************************************************************************<\/strong><\/span><\/p>\n<p style=\"text-align: center\">\n<p style=\"text-align: center\"><span style=\"color: #0000ff\"><strong>ANTON A\u017dBE (1862\u20131905), slikar<\/strong><\/span><\/p>\n<p style=\"text-align: left\">Rodil se je v Dolen\u010dicah. Slikarstvo je \u0161tudiral na dunajski akademiji. V risbah in slikah je do\u017eiveto re\u0161eval temeljne u\u010dne naloge z izrazito realisti\u010dno noto. Za najbolj\u0161e ohranjeno delo velja Zamorka. V M\u00fcnchnu je ustanovil zasebno slikarsko \u0161olo, kjer so se \u0161olali znani svetovni slikarji in slovenski impresionisti.<\/p>\n<p style=\"text-align: center\"><img decoding=\"async\" src=\"http:\/\/sola-poljane.splet.arnes.si\/files\/2018\/06\/Anton-A%C5%BEbe-236x300.jpg\" \/><\/p>\n<p style=\"text-align: center\"><span style=\"color: #ff6600\"><strong>***********************************************************************************<\/strong><\/span><\/p>\n<p style=\"text-align: center\">\n<p style=\"text-align: center\"><span style=\"color: #0000ff\"><strong>ALE\u0160 U\u0160ENI\u010cNIK (1868\u20131952), filozof, teolog, duhovnik<\/strong><\/span><\/p>\n<p style=\"text-align: left\">Rodil se je v Poljanah v revni dru\u017eini. Osnovno \u0161olo je obiskoval v doma\u010dem kraju, leta 1888 pa so ga poslali v gimnazijo v Ljubljano. Kot \u0161tudenta teologije ga je ljubljanski \u0161kof Missia poslal \u0161tudirat v Rim, v pape\u0161ki zavod \u00bbGermanik\u00ab, kjer je na pape\u0161ki univerzi Gregoriana z odliko kon\u010dal \u0161tudij filozofije in teologije z dvojnim doktoratom. Bil je trikratni dekan Teolo\u0161ke fakultete v Ljubljani in enkrat rektor Univerze v Ljubljani (1922\/23). Nekaj let je bil \u010dlan SAZU. Najve\u010dje mednarodno priznanje za filozofsko delo pomeni njegovo \u010dlanstvo v Pape\u0161ki rimski akademiji sv. Toma\u017ea Akvinskega, kamor je bil sprejet leta 1937 kot edini Slovenec doslej. Leta 1938 je bil imenovan za apostolskega protonatorja. Svoja literarna dela je opravljal pod razli\u010dnimi psevdonimi (L-j, dr. Len\u010dek Ignacij, Cvetin ipd.). Bil je tudi urednik in pisatelj, katoli\u0161ki ideolog, apologet, usmerjevalec verskega \u017eivljenja, sociolog in oblikovalec slovenskega filozofskega jezika.<\/p>\n<p style=\"text-align: center\"><img decoding=\"async\" src=\"http:\/\/sola-poljane.splet.arnes.si\/files\/2018\/06\/Ale%C5%A1_U%C5%A1eni%C4%8Dnik-203x300.jpg\" \/><\/p>\n<p style=\"text-align: center\"><span style=\"color: #ff6600\"><strong>***********************************************************************************<\/strong><\/span><\/p>\n<p style=\"text-align: center\">\n<p style=\"text-align: center\"><strong><span style=\"color: #0000ff\">PAVEL PERKO (1877\u20131970), duhovnik in pisatelj<\/span>\u00a0<\/strong><\/p>\n<p style=\"text-align: left\">Rodil se je v Poljanah pri Frencinu, po o\u010detu je bil v daljnem sorodstvu z Ivanom Tav\u010darjem. Osnovno \u0161olo je obiskoval v Poljanah, gimnazijo in bogoslovje pa v Ljubljani. Slu\u017ebeno pot je za\u010del kot kaplan v \u0160kocjanu pri Mokronogu in jo nadaljeval\u00a0 v Raki, nato v Kranjski Gori, \u017direh in kot \u017eupnik na \u010ce\u0161njicah v Tuhinju. V svojih \u010drticah in kraj\u0161ih povestih je slikla \u017eivljenje kme\u010dkih ljudi, njihovo skrito trpljenje in premagovanje.<\/p>\n<p style=\"text-align: center\"><span style=\"color: #ff6600\"><strong>***********************************************************************************<\/strong><\/span><\/p>\n<p style=\"text-align: center\">\n<p style=\"text-align: center\"><span style=\"color: #0000ff\"><strong>ANTON KR\u017dI\u0160NIK (1890\u20131973)<\/strong>, <\/span><strong><span style=\"color: #0000ff\">pravnik<\/span>\u00a0<\/strong><\/p>\n<p style=\"text-align: left\">Rodil se je v Podobenem. Kon\u010dal je gimnazijo v Kranju in nadaljeval \u0161tudij prava na univerzi v Pragi. Med obema vojnama je bil zaposlen kot sodnik upravnega sodi\u0161\u010da v Celju. Po osvoboditvi je opravljal dol\u017enost zveznega ministra za socialno politiko v Beogradu, v letih 1946\u20131950 pa je bil minister za socialno skrbstvo vlade LR Slovenije. Prav v tem \u010dasu je posvetil posebno skrb Domu slepih in slabovidnih v \u0160kofji Loki in drugim podobnim ustanovam. Zadnji del svojega \u017eivljenja je posvetil znanstveno-raziskovalnemu in pedago\u0161kemu delu, ki se posebej izra\u017ea v knjigi Uvod v zgodovino socialne politike (1976). Svoja znanja je kot predavatelj posredoval \u0161tudentom Vi\u0161je \u0161ole za socialne delavce v Ljubljani.<\/p>\n<p style=\"text-align: center\"><span style=\"color: #ff6600\"><strong>***********************************************************************************<\/strong><\/span><\/p>\n<p style=\"text-align: center\">\n<p style=\"text-align: center\"><span style=\"color: #0000ff\"><strong>lVE \u0160UBIC (1922\u20131989), slikar, grafik, ilustrator<\/strong><\/span><\/p>\n<p style=\"text-align: left\">Rodil se je v Divjakovem mlinu v Hotovlji. \u0160tudiral je v Zagrebu in na ALU v Ljubljani. Deloval je tudi kot grafik, ilustrator, freskant, mozaist in sgraffist. Upodabljal je figuralne in krajinske motive. Je najpomembnej\u0161i avtor del s tematiko NOB. V mnogih delih se zrcali njegova ljubezen do narave in kme\u010dkega \u010dloveka. V Poljanah in bli\u017enji okolici za njim ostaja bogata umetni\u0161ka dedi\u0161\u010dina v podobi dvajsetih fresk. Najbolj znane, ki jih je umetnik ustvaril kot darilo \u0161oli v doma\u010dem kraju, lahko ob\u010dudujemo v avli O\u0160 Poljane.<\/p>\n<p><img decoding=\"async\" class=\"aligncenter\" src=\"http:\/\/sola-poljane.splet.arnes.si\/files\/2018\/06\/Ive-%C5%A0ubic-225x300.jpg\" \/><\/p>\n<p style=\"text-align: center\"><span style=\"color: #ff6600\"><strong>***********************************************************************************<\/strong><\/span><\/p>\n<p style=\"text-align: center\">\n<p style=\"text-align: center\"><span style=\"color: #ff6600\"><strong>ZNANI Poljanci so \u0161e:<\/strong><\/span><\/p>\n<p style=\"text-align: center\">\n<p style=\"text-align: center\"><span style=\"color: #33cccc\"><strong><span style=\"color: #3366ff\">PAVEL \u0160UBIC <span style=\"color: #33cccc\">(1772\u20131847),<\/span><\/span> rezbar, prvi doslej znani podobar iz dru\u017eine \u0160ubic<br \/>\n<\/strong><\/span><\/p>\n<p style=\"text-align: center\"><span style=\"color: #33cccc\"><strong><span style=\"color: #3366ff\">MATIJA DEBELJAK <span style=\"color: #33cccc\">(1807\u20131867),<\/span><\/span> jezikoslovec<br \/>\n<\/strong><\/span><\/p>\n<p style=\"text-align: center\"><span style=\"color: #33cccc\"><strong><span style=\"color: #3366ff\">IGNACIJ MRAK<\/span> (1810\u20141901), \u0161kof<\/strong><\/span><\/p>\n<p style=\"text-align: center\"><span style=\"color: #33cccc\"><strong><span style=\"color: #3366ff\">GREGOR KREK<\/span> (1840<\/strong><strong>\u2212<\/strong><strong>1905), jezikoslovec, pesnik <\/strong><\/span><\/p>\n<p style=\"text-align: center\"><span style=\"color: #33cccc\"><strong><span style=\"color: #3366ff\">JO\u017dEF \u0160UBIC<\/span> (1862\u20131925), podobar<\/strong><\/span><\/p>\n<p style=\"text-align: center\"><span style=\"color: #33cccc\"><strong><span style=\"color: #3366ff\">JANEZ PETERNELJ<\/span> (1913\u20131943), \u0161portnik, partizan<br \/>\n<\/strong><\/span><\/p>\n<p style=\"text-align: center\"><span style=\"color: #33cccc\"><strong><span style=\"color: #3366ff\">MAKS KRMELJ<\/span> (1910<\/strong><strong>\u2212<\/strong><strong>2004), partizan, narodni heroj<br \/>\n<\/strong><\/span><\/p>\n<p style=\"text-align: center\"><span style=\"color: #33cccc\"><strong><span style=\"color: #3366ff\">MAKS MIKLAV\u010cI\u010c<\/span> (1910<\/strong><strong>\u2212<\/strong><strong>1971), duhovnik, zgodovinar, arhivar<\/strong><\/span><\/p>\n<p>&nbsp;<\/p>\n","protected":false},"excerpt":{"rendered":"<p>&nbsp; \u0160TEFAN \u0160UBIC (1820\u20131884), slikar Rodil se je v Hotovlji [&hellip;]<\/p>\n","protected":false},"author":24405,"featured_media":0,"parent":12999,"menu_order":0,"comment_status":"closed","ping_status":"closed","template":"","meta":{"ngg_post_thumbnail":0,"footnotes":""},"class_list":["post-13017","page","type-page","status-publish","hentry"],"_links":{"self":[{"href":"https:\/\/sola-poljane.splet.arnes.si\/index.php?rest_route=\/wp\/v2\/pages\/13017","targetHints":{"allow":["GET"]}}],"collection":[{"href":"https:\/\/sola-poljane.splet.arnes.si\/index.php?rest_route=\/wp\/v2\/pages"}],"about":[{"href":"https:\/\/sola-poljane.splet.arnes.si\/index.php?rest_route=\/wp\/v2\/types\/page"}],"author":[{"embeddable":true,"href":"https:\/\/sola-poljane.splet.arnes.si\/index.php?rest_route=\/wp\/v2\/users\/24405"}],"replies":[{"embeddable":true,"href":"https:\/\/sola-poljane.splet.arnes.si\/index.php?rest_route=%2Fwp%2Fv2%2Fcomments&post=13017"}],"version-history":[{"count":6,"href":"https:\/\/sola-poljane.splet.arnes.si\/index.php?rest_route=\/wp\/v2\/pages\/13017\/revisions"}],"predecessor-version":[{"id":14283,"href":"https:\/\/sola-poljane.splet.arnes.si\/index.php?rest_route=\/wp\/v2\/pages\/13017\/revisions\/14283"}],"up":[{"embeddable":true,"href":"https:\/\/sola-poljane.splet.arnes.si\/index.php?rest_route=\/wp\/v2\/pages\/12999"}],"wp:attachment":[{"href":"https:\/\/sola-poljane.splet.arnes.si\/index.php?rest_route=%2Fwp%2Fv2%2Fmedia&parent=13017"}],"curies":[{"name":"wp","href":"https:\/\/api.w.org\/{rel}","templated":true}]}}