{"id":13011,"date":"2019-02-20T05:38:29","date_gmt":"2019-02-20T04:38:29","guid":{"rendered":"http:\/\/sola-poljane.splet.arnes.si\/?page_id=13011"},"modified":"2019-06-28T21:40:59","modified_gmt":"2019-06-28T19:40:59","slug":"freske-iveta-subica-v-nasi-soli","status":"publish","type":"page","link":"https:\/\/sola-poljane.splet.arnes.si\/?page_id=13011","title":{"rendered":"Freske Iveta \u0160ubica v na\u0161i \u0161oli"},"content":{"rendered":"<a href=\"http:\/\/sola-poljane.splet.arnes.si\/?page_id=12999\"class=\"wpz-sc-button small\" style=\";background:#378DBD\"><span><i class=\"fa fa-home\" style=\"padding-right:6px;\"><\/i>Poslanstvo in vizija \u0161ole<\/span><\/a>\n<a href=\"http:\/\/sola-poljane.splet.arnes.si\/?page_id=13003\"class=\"wpz-sc-button small\" style=\";background:#378DBD\"><span><i class=\"fa fa-home\" style=\"padding-right:6px;\"><\/i>Poljane<\/span><\/a>\n<a href=\"http:\/\/sola-poljane.splet.arnes.si\/?page_id=13007\"class=\"wpz-sc-button small\" style=\";background:#378DBD\"><span><i class=\"fa fa-home\" style=\"padding-right:6px;\"><\/i>Iz \u0161olskih kronik 1879-2018<\/span><\/a>\n<a href=\"http:\/\/sola-poljane.splet.arnes.si\/?page_id=13123\"class=\"wpz-sc-button small\" style=\";background:#378DBD\"><span><i class=\"fa fa-home\" style=\"padding-right:6px;\"><\/i>Pomembni dogodki v O\u0160 Poljane<\/span><\/a>\n<a href=\"http:\/\/sola-poljane.splet.arnes.si\/?page_id=13011\"class=\"wpz-sc-button small\" style=\";background:#378DBD\"><span><i class=\"fa fa-home\" style=\"padding-right:6px;\"><\/i>Freske Iveta \u0160ubica v na\u0161i \u0161oli<\/span><\/a>\n<a href=\"http:\/\/sola-poljane.splet.arnes.si\/?page_id=13017\"class=\"wpz-sc-button small\" style=\";background:#378DBD\"><span><i class=\"fa fa-home\" style=\"padding-right:6px;\"><\/i>Znameniti Poljanci<\/span><\/a>\n<p>&nbsp;<\/p>\n<p>Akademski slikar Ive \u0160ubic je mesec pred odprtjem nove \u0161olske zgradbe leta 1986 dokon\u010dal svojo znamenito fresko, ki\u00a0 predstavlja <strong><span style=\"color: #993300\">kme\u010dko \u017eivljenje in delo<\/span><\/strong>. Vsebinsko jo sestavlja <strong><span style=\"color: #993300\">pet motivov<\/span><\/strong>. Delo in kme\u010dko \u017eivljenje predstavljajo: kopa\u010di, ko\u0161nja in potovke; Agata, ki jezdi pra\u0161i\u010da nad starimi Poljanami, in Luca pa sta motiva, vzeta iz Tav\u010darjevih literarnih del.<\/p>\n<p><span style=\"color: #993300\">Dr. Ivan Sedej je o freski zapisal:<\/span> <em>\u00bbTako je v zna\u010dilnih podobah kme\u010dkih ljudi izpod Blego\u0161a ujel te\u017eko opredeljivo povezanost med \u010dlovekom in naravo, odseve surovega boja kme\u010dkih ljudi vseh \u010dasov z okoljem in gospodo, pa tudi ne\u017een odsev raskave poezije klene kme\u010dke besede, rodovni ponos in tisto lepoto, ki se skriva v srcih.\u00ab<\/em> (Va\u0161\u010dan, december 2012)<\/p>\n<p><strong><a href=\"http:\/\/sola-poljane.splet.arnes.si\/files\/2019\/02\/5-fresk.png\"><img loading=\"lazy\" decoding=\"async\" class=\"wp-image-13057 aligncenter\" src=\"http:\/\/sola-poljane.splet.arnes.si\/files\/2019\/02\/5-fresk-232x300.png\" alt=\"\" width=\"272\" height=\"351\" srcset=\"https:\/\/sola-poljane.splet.arnes.si\/files\/2019\/02\/5-fresk-232x300.png 232w, https:\/\/sola-poljane.splet.arnes.si\/files\/2019\/02\/5-fresk-43x55.png 43w, https:\/\/sola-poljane.splet.arnes.si\/files\/2019\/02\/5-fresk-624x807.png 624w, https:\/\/sola-poljane.splet.arnes.si\/files\/2019\/02\/5-fresk.png 642w\" sizes=\"auto, (max-width: 272px) 100vw, 272px\" \/><\/a><\/strong><\/p>\n<p>&nbsp;<\/p>\n<p><span style=\"color: #ff6600\"><strong>Zgornja freska<\/strong><\/span> prikazuje sredi\u0161\u010de starih Poljan z mogo\u010dno baro\u010dno cerkvijo in hi\u0161e pod Tabrom z zna\u010dilno kme\u010dko arhitekturo. Ive \u0160ubic je bil prepri\u010dan, da v navzven trdih Poljancih bije toplo srce, zato je v sliko vnesel tudi Sonce in Luno \u2013 simbola svetlobe in upanja v dobro. Med njima na pra\u0161i\u010du jezdi Agata iz Tav\u010darjeve Viso\u0161ke kronike, ki predstavlja dvojnost, ambivalenco dobrega in zla, narave in duha ter nedeljivo resnico. <strong><span style=\"color: #ff6600\">Pod opisano fresko sledijo \u0161e \u0161tiri manj\u0161e<\/span><\/strong>, ki prikazujejo prizore iz kme\u010dkega \u017eivljenja; na spodnji desni freski prepoznamo liri\u010dni prizor Luce z mrtvim detetom iz Tav\u010darjevega Cvetja v jeseni.<\/p>\n<p>&nbsp;<\/p>\n<p><a href=\"http:\/\/sola-poljane.splet.arnes.si\/files\/2019\/02\/Agata-na-pra\u0161i\u010du.jpg\"><img loading=\"lazy\" decoding=\"async\" class=\"alignnone wp-image-13067 aligncenter\" src=\"http:\/\/sola-poljane.splet.arnes.si\/files\/2019\/02\/Agata-na-pra\u0161i\u010du-300x129.jpg\" alt=\"\" width=\"342\" height=\"147\" srcset=\"https:\/\/sola-poljane.splet.arnes.si\/files\/2019\/02\/Agata-na-pra\u0161i\u010du-300x129.jpg 300w, https:\/\/sola-poljane.splet.arnes.si\/files\/2019\/02\/Agata-na-pra\u0161i\u010du-128x55.jpg 128w, https:\/\/sola-poljane.splet.arnes.si\/files\/2019\/02\/Agata-na-pra\u0161i\u010du.jpg 593w\" sizes=\"auto, (max-width: 342px) 100vw, 342px\" \/><\/a><\/p>\n<p>&nbsp;<\/p>\n<p>&nbsp;<\/p>\n<p style=\"text-align: center\"><a href=\"http:\/\/sola-poljane.splet.arnes.si\/files\/2019\/02\/Kopanje_2.jpg\"><img loading=\"lazy\" decoding=\"async\" class=\"alignnone size-thumbnail wp-image-13059\" src=\"http:\/\/sola-poljane.splet.arnes.si\/files\/2019\/02\/Kopanje_2-150x150.jpg\" alt=\"\" width=\"150\" height=\"150\" srcset=\"https:\/\/sola-poljane.splet.arnes.si\/files\/2019\/02\/Kopanje_2-150x150.jpg 150w, https:\/\/sola-poljane.splet.arnes.si\/files\/2019\/02\/Kopanje_2-100x100.jpg 100w\" sizes=\"auto, (max-width: 150px) 100vw, 150px\" \/><\/a>\u00a0 \u00a0<a href=\"http:\/\/sola-poljane.splet.arnes.si\/files\/2019\/02\/\u017denska_3.jpg\"><img loading=\"lazy\" decoding=\"async\" class=\"alignnone size-thumbnail wp-image-13061\" src=\"http:\/\/sola-poljane.splet.arnes.si\/files\/2019\/02\/\u017denska_3-150x150.jpg\" alt=\"\" width=\"150\" height=\"150\" srcset=\"https:\/\/sola-poljane.splet.arnes.si\/files\/2019\/02\/\u017denska_3-150x150.jpg 150w, https:\/\/sola-poljane.splet.arnes.si\/files\/2019\/02\/\u017denska_3-100x100.jpg 100w\" sizes=\"auto, (max-width: 150px) 100vw, 150px\" \/><\/a>\u00a0 \u00a0<a href=\"http:\/\/sola-poljane.splet.arnes.si\/files\/2019\/02\/\u017denska-s-ko\u0161em_4.jpg\"><img loading=\"lazy\" decoding=\"async\" class=\"alignnone size-thumbnail wp-image-13063\" src=\"http:\/\/sola-poljane.splet.arnes.si\/files\/2019\/02\/\u017denska-s-ko\u0161em_4-150x150.jpg\" alt=\"\" width=\"150\" height=\"150\" srcset=\"https:\/\/sola-poljane.splet.arnes.si\/files\/2019\/02\/\u017denska-s-ko\u0161em_4-150x150.jpg 150w, https:\/\/sola-poljane.splet.arnes.si\/files\/2019\/02\/\u017denska-s-ko\u0161em_4-100x100.jpg 100w\" sizes=\"auto, (max-width: 150px) 100vw, 150px\" \/><\/a>\u00a0 \u00a0<a href=\"http:\/\/sola-poljane.splet.arnes.si\/files\/2019\/02\/Luca_5.jpg\"><img loading=\"lazy\" decoding=\"async\" class=\"alignnone size-thumbnail wp-image-13065\" src=\"http:\/\/sola-poljane.splet.arnes.si\/files\/2019\/02\/Luca_5-150x150.jpg\" alt=\"\" width=\"150\" height=\"150\" srcset=\"https:\/\/sola-poljane.splet.arnes.si\/files\/2019\/02\/Luca_5-150x150.jpg 150w, https:\/\/sola-poljane.splet.arnes.si\/files\/2019\/02\/Luca_5-100x100.jpg 100w\" sizes=\"auto, (max-width: 150px) 100vw, 150px\" \/><\/a><\/p>\n<p>&nbsp;<\/p>\n","protected":false},"excerpt":{"rendered":"<p>&nbsp; Akademski slikar Ive \u0160ubic je mesec pred odprtjem nove [&hellip;]<\/p>\n","protected":false},"author":24405,"featured_media":0,"parent":12999,"menu_order":0,"comment_status":"closed","ping_status":"closed","template":"","meta":{"ngg_post_thumbnail":0,"footnotes":""},"class_list":["post-13011","page","type-page","status-publish","hentry"],"_links":{"self":[{"href":"https:\/\/sola-poljane.splet.arnes.si\/index.php?rest_route=\/wp\/v2\/pages\/13011","targetHints":{"allow":["GET"]}}],"collection":[{"href":"https:\/\/sola-poljane.splet.arnes.si\/index.php?rest_route=\/wp\/v2\/pages"}],"about":[{"href":"https:\/\/sola-poljane.splet.arnes.si\/index.php?rest_route=\/wp\/v2\/types\/page"}],"author":[{"embeddable":true,"href":"https:\/\/sola-poljane.splet.arnes.si\/index.php?rest_route=\/wp\/v2\/users\/24405"}],"replies":[{"embeddable":true,"href":"https:\/\/sola-poljane.splet.arnes.si\/index.php?rest_route=%2Fwp%2Fv2%2Fcomments&post=13011"}],"version-history":[{"count":7,"href":"https:\/\/sola-poljane.splet.arnes.si\/index.php?rest_route=\/wp\/v2\/pages\/13011\/revisions"}],"predecessor-version":[{"id":14293,"href":"https:\/\/sola-poljane.splet.arnes.si\/index.php?rest_route=\/wp\/v2\/pages\/13011\/revisions\/14293"}],"up":[{"embeddable":true,"href":"https:\/\/sola-poljane.splet.arnes.si\/index.php?rest_route=\/wp\/v2\/pages\/12999"}],"wp:attachment":[{"href":"https:\/\/sola-poljane.splet.arnes.si\/index.php?rest_route=%2Fwp%2Fv2%2Fmedia&parent=13011"}],"curies":[{"name":"wp","href":"https:\/\/api.w.org\/{rel}","templated":true}]}}