{"id":12999,"date":"2019-02-21T08:46:42","date_gmt":"2019-02-21T07:46:42","guid":{"rendered":"http:\/\/sola-poljane.splet.arnes.si\/?page_id=12999"},"modified":"2019-02-21T08:58:41","modified_gmt":"2019-02-21T07:58:41","slug":"poslanstvo-in-vizija-sole","status":"publish","type":"page","link":"https:\/\/sola-poljane.splet.arnes.si\/?page_id=12999","title":{"rendered":"Poslanstvo in vizija \u0161ole"},"content":{"rendered":"<a href=\"http:\/\/sola-poljane.splet.arnes.si\/?page_id=12999\"class=\"wpz-sc-button small\" style=\";background:#378DBD\"><span><i class=\"fa fa-home\" style=\"padding-right:6px;\"><\/i>Poslanstvo in vizija \u0161ole<\/span><\/a>\n<a href=\"http:\/\/sola-poljane.splet.arnes.si\/?page_id=13003\"class=\"wpz-sc-button small\" style=\";background:#378DBD\"><span><i class=\"fa fa-home\" style=\"padding-right:6px;\"><\/i>Poljane<\/span><\/a>\n<a href=\"http:\/\/sola-poljane.splet.arnes.si\/?page_id=13007\"class=\"wpz-sc-button small\" style=\";background:#378DBD\"><span><i class=\"fa fa-home\" style=\"padding-right:6px;\"><\/i>Iz \u0161olskih kronik 1879-2018<\/span><\/a>\n<a href=\"http:\/\/sola-poljane.splet.arnes.si\/?page_id=13123\"class=\"wpz-sc-button small\" style=\";background:#378DBD\"><span><i class=\"fa fa-home\" style=\"padding-right:6px;\"><\/i>Pomembni dogodki v O\u0160 Poljane<\/span><\/a>\n<a href=\"http:\/\/sola-poljane.splet.arnes.si\/?page_id=13011\"class=\"wpz-sc-button small\" style=\";background:#378DBD\"><span><i class=\"fa fa-home\" style=\"padding-right:6px;\"><\/i>Freske Iveta \u0160ubica v na\u0161i \u0161oli<\/span><\/a>\n<a href=\"http:\/\/sola-poljane.splet.arnes.si\/?page_id=13017\"class=\"wpz-sc-button small\" style=\";background:#378DBD\"><span><i class=\"fa fa-home\" style=\"padding-right:6px;\"><\/i>Znameniti Poljanci<\/span><\/a>\n<p>Osnovna \u0161ola Poljane le\u017ei ob Poljanski Sori v Poljanski dolini, blizu \u0160kofje Loke. Zaznamuje jo <strong><span style=\"color: #ff6600\">umetni\u0161ka tradicija slikarjev iz dru\u017eine \u0160ubic<\/span><\/strong> \u2013 preddverje \u0161ole krasijo freske Iveta \u0160ubica, ki vsako leto privabijo veliko obiskovalcev iz vseh koncev Slovenije, ter Globus akademske slikarke Maje \u0160ubic. Ponosni smo na kulturno-umetni\u0161ko zapu\u0161\u010dino slavnih Poljancev, med njimi tudi <strong><span style=\"color: #ff6600\">pisatelja Ivana Tav\u010darja<\/span><\/strong>, ki nam slu\u017eijo za neiz\u010drpen vir navdiha pri razli\u010dnih rednih in dodatnih \u0161olskih dejavnostih. \u0160olo skupaj s Podru\u017eni\u010dno \u0161olo Javorje obiskuje okrog 370 u\u010dencev, tesno pa sodelujemo tudi z vrtcema v obeh \u0161olah.<\/p>\n<p>Vizija na\u0161e \u0161ole je <em><strong><span style=\"color: #008000\">S sprejetostjo in sodelovanjem do bolj\u0161e kakovosti dela<\/span><\/strong><\/em>, kar se sklada s temeljnimi na\u010deli Unesca oz. vsebino \u0161tirih stebrov u\u010denja za 21. stoletje (vedeti, delati, biti in \u017eiveti skupaj) in spodbujanjem kakovostnega izobra\u017eevanja. Vsako leto obele\u017eujemo \u0161tevilne svetovne dneve in dogodke, vezane na kraj ali \u0161ir\u0161o okolico, ter sodelujemo v razli\u010dnih projektih in nate\u010dajih, ki na\u0161im u\u010dencem omogo\u010dajo razvijanje potencialov na vseh podro\u010djih.<\/p>\n<p>Skozi projekte, kot so <strong><span style=\"color: #0000ff\">Simbioza, Eko\u0161ola, Zdrava \u0161ola, Kulturna \u0161ola in Unesco \u0161ola<\/span><\/strong>, uresni\u010dujemo cilje na\u0161ega vzgojno-pedago\u0161kega delovanja, ki temeljijo na sodelovanju, strpnosti, sprejemanju, pristnih med\u010dlove\u0161kih odnosih ter u\u010denju za \u017eivljenje.<\/p>\n","protected":false},"excerpt":{"rendered":"<p>Osnovna \u0161ola Poljane le\u017ei ob Poljanski Sori v Poljanski dolini, [&hellip;]<\/p>\n","protected":false},"author":24405,"featured_media":0,"parent":8569,"menu_order":0,"comment_status":"closed","ping_status":"closed","template":"","meta":{"ngg_post_thumbnail":0,"footnotes":""},"class_list":["post-12999","page","type-page","status-publish","hentry"],"_links":{"self":[{"href":"https:\/\/sola-poljane.splet.arnes.si\/index.php?rest_route=\/wp\/v2\/pages\/12999","targetHints":{"allow":["GET"]}}],"collection":[{"href":"https:\/\/sola-poljane.splet.arnes.si\/index.php?rest_route=\/wp\/v2\/pages"}],"about":[{"href":"https:\/\/sola-poljane.splet.arnes.si\/index.php?rest_route=\/wp\/v2\/types\/page"}],"author":[{"embeddable":true,"href":"https:\/\/sola-poljane.splet.arnes.si\/index.php?rest_route=\/wp\/v2\/users\/24405"}],"replies":[{"embeddable":true,"href":"https:\/\/sola-poljane.splet.arnes.si\/index.php?rest_route=%2Fwp%2Fv2%2Fcomments&post=12999"}],"version-history":[{"count":5,"href":"https:\/\/sola-poljane.splet.arnes.si\/index.php?rest_route=\/wp\/v2\/pages\/12999\/revisions"}],"predecessor-version":[{"id":13131,"href":"https:\/\/sola-poljane.splet.arnes.si\/index.php?rest_route=\/wp\/v2\/pages\/12999\/revisions\/13131"}],"up":[{"embeddable":true,"href":"https:\/\/sola-poljane.splet.arnes.si\/index.php?rest_route=\/wp\/v2\/pages\/8569"}],"wp:attachment":[{"href":"https:\/\/sola-poljane.splet.arnes.si\/index.php?rest_route=%2Fwp%2Fv2%2Fmedia&parent=12999"}],"curies":[{"name":"wp","href":"https:\/\/api.w.org\/{rel}","templated":true}]}}