{"id":11373,"date":"2018-09-12T09:43:18","date_gmt":"2018-09-12T07:43:18","guid":{"rendered":"http:\/\/sola-poljane.splet.arnes.si\/?page_id=11373"},"modified":"2021-10-14T07:06:32","modified_gmt":"2021-10-14T05:06:32","slug":"domace-branje","status":"publish","type":"page","link":"https:\/\/sola-poljane.splet.arnes.si\/?page_id=11373","title":{"rendered":"Doma\u010de branje"},"content":{"rendered":"<p>Seznam knjig za doma\u010de branje v teko\u010dem \u0161olskem letu je <a href=\"https:\/\/drive.google.com\/open?id=1ySmypMwoikPIfsmyt0D0ZVCLn4Lf2fTT\">dosegljiv na tej povezavi<\/a>.<\/p>\n","protected":false},"excerpt":{"rendered":"<p>Seznam knjig za doma\u010de branje v teko\u010dem \u0161olskem letu je [&hellip;]<\/p>\n","protected":false},"author":1973,"featured_media":0,"parent":8593,"menu_order":2,"comment_status":"closed","ping_status":"closed","template":"","meta":{"ngg_post_thumbnail":0,"footnotes":""},"class_list":["post-11373","page","type-page","status-publish","hentry"],"_links":{"self":[{"href":"https:\/\/sola-poljane.splet.arnes.si\/index.php?rest_route=\/wp\/v2\/pages\/11373","targetHints":{"allow":["GET"]}}],"collection":[{"href":"https:\/\/sola-poljane.splet.arnes.si\/index.php?rest_route=\/wp\/v2\/pages"}],"about":[{"href":"https:\/\/sola-poljane.splet.arnes.si\/index.php?rest_route=\/wp\/v2\/types\/page"}],"author":[{"embeddable":true,"href":"https:\/\/sola-poljane.splet.arnes.si\/index.php?rest_route=\/wp\/v2\/users\/1973"}],"replies":[{"embeddable":true,"href":"https:\/\/sola-poljane.splet.arnes.si\/index.php?rest_route=%2Fwp%2Fv2%2Fcomments&post=11373"}],"version-history":[{"count":6,"href":"https:\/\/sola-poljane.splet.arnes.si\/index.php?rest_route=\/wp\/v2\/pages\/11373\/revisions"}],"predecessor-version":[{"id":22674,"href":"https:\/\/sola-poljane.splet.arnes.si\/index.php?rest_route=\/wp\/v2\/pages\/11373\/revisions\/22674"}],"up":[{"embeddable":true,"href":"https:\/\/sola-poljane.splet.arnes.si\/index.php?rest_route=\/wp\/v2\/pages\/8593"}],"wp:attachment":[{"href":"https:\/\/sola-poljane.splet.arnes.si\/index.php?rest_route=%2Fwp%2Fv2%2Fmedia&parent=11373"}],"curies":[{"name":"wp","href":"https:\/\/api.w.org\/{rel}","templated":true}]}}