{"id":11217,"date":"2018-09-06T08:50:41","date_gmt":"2018-09-06T06:50:41","guid":{"rendered":"http:\/\/sola-poljane.splet.arnes.si\/?page_id=11217"},"modified":"2020-03-02T07:01:35","modified_gmt":"2020-03-02T06:01:35","slug":"turizmu-pomaga-lastna-glava","status":"publish","type":"page","link":"https:\/\/sola-poljane.splet.arnes.si\/?page_id=11217","title":{"rendered":"Turizmu pomaga lastna glava"},"content":{"rendered":"<p>V \u0161olskem letu 2019\/2020 smo se u\u010denci turisti\u010dnega kro\u017eka prijavili na 34. dr\u017eavni festival Turizmu pomaga lastna glava, ki ga organizira Turisti\u010dna zveza Slovenije za u\u010dence osnovnih \u0161ol.<\/p>\n<p>Leto\u0161nja tema festivala je Festival naj bo. Cilj leto\u0161nje teme je za doma\u010di kraj pripraviti dogodek, ki se bo odvijal v prihodnje po vzoru najve\u010djih festivalov. Najpogosteje so festivali vsakoletna prireditev, ki svoje prizori\u0161\u010de ali pa obdobje, v katerem se izvaja, pove\u017ee z osrednjo temo.<\/p>\n<p>Sodelovanje na festivalu vklju\u010duje izdelavo turisti\u010dne naloge na razpisano temo in javno predstavitev turisti\u010dnega proizvoda na turisti\u010dni tr\u017enici.<\/p>\n<p>Na\u0161o turisti\u010dno nalogo z naslovom ZAVRTIMO FESTIVAL KRUHA si lahko <a href=\"http:\/\/sola-poljane.splet.arnes.si\/files\/2018\/09\/Zavrtimo-festival-kruha_WEB.pdf\">ogledate tukaj<\/a>.<\/p>\n<p>U\u010denec in u\u010denke turisti\u010dnega kro\u017eka vas vljudno vabimo na turisti\u010dno tr\u017enico v Mercator center v Dom\u017eale, kjer bomo predstavljali na\u0161o leto\u0161njo turisti\u010dno nalogo ZAVRTIMO FESTIVAL KRUHA.<\/p>\n<p>Vabilo na tr\u017enico:<br \/>\n<a href=\"http:\/\/testziri2.splet.arnes.si\/files\/2020\/02\/Vabilo-na-tr\u017enico-v-Dom\u017eale.pdf.pdf\"><img loading=\"lazy\" decoding=\"async\" class=\"aligncenter wp-image-16319 size-medium\" src=\"http:\/\/sola-poljane.splet.arnes.si\/files\/2018\/09\/Turizmu2020_s-210x300.jpg\" alt=\"\" width=\"210\" height=\"300\" srcset=\"https:\/\/sola-poljane.splet.arnes.si\/files\/2018\/09\/Turizmu2020_s-210x300.jpg 210w, https:\/\/sola-poljane.splet.arnes.si\/files\/2018\/09\/Turizmu2020_s-39x55.jpg 39w, https:\/\/sola-poljane.splet.arnes.si\/files\/2018\/09\/Turizmu2020_s.jpg 332w\" sizes=\"auto, (max-width: 210px) 100vw, 210px\" \/><\/a><br \/>\nMentorici: Maja Tr\u010dek in Mihaela \u017dakelj Ogrin<\/p>\n","protected":false},"excerpt":{"rendered":"<p>V \u0161olskem letu 2019\/2020 smo se u\u010denci turisti\u010dnega kro\u017eka prijavili [&hellip;]<\/p>\n","protected":false},"author":1973,"featured_media":0,"parent":8596,"menu_order":10,"comment_status":"closed","ping_status":"closed","template":"","meta":{"ngg_post_thumbnail":0,"footnotes":""},"class_list":["post-11217","page","type-page","status-publish","hentry"],"_links":{"self":[{"href":"https:\/\/sola-poljane.splet.arnes.si\/index.php?rest_route=\/wp\/v2\/pages\/11217","targetHints":{"allow":["GET"]}}],"collection":[{"href":"https:\/\/sola-poljane.splet.arnes.si\/index.php?rest_route=\/wp\/v2\/pages"}],"about":[{"href":"https:\/\/sola-poljane.splet.arnes.si\/index.php?rest_route=\/wp\/v2\/types\/page"}],"author":[{"embeddable":true,"href":"https:\/\/sola-poljane.splet.arnes.si\/index.php?rest_route=\/wp\/v2\/users\/1973"}],"replies":[{"embeddable":true,"href":"https:\/\/sola-poljane.splet.arnes.si\/index.php?rest_route=%2Fwp%2Fv2%2Fcomments&post=11217"}],"version-history":[{"count":20,"href":"https:\/\/sola-poljane.splet.arnes.si\/index.php?rest_route=\/wp\/v2\/pages\/11217\/revisions"}],"predecessor-version":[{"id":16327,"href":"https:\/\/sola-poljane.splet.arnes.si\/index.php?rest_route=\/wp\/v2\/pages\/11217\/revisions\/16327"}],"up":[{"embeddable":true,"href":"https:\/\/sola-poljane.splet.arnes.si\/index.php?rest_route=\/wp\/v2\/pages\/8596"}],"wp:attachment":[{"href":"https:\/\/sola-poljane.splet.arnes.si\/index.php?rest_route=%2Fwp%2Fv2%2Fmedia&parent=11217"}],"curies":[{"name":"wp","href":"https:\/\/api.w.org\/{rel}","templated":true}]}}