{"id":10821,"date":"2018-08-27T08:11:06","date_gmt":"2018-08-27T06:11:06","guid":{"rendered":"http:\/\/sola-poljane.splet.arnes.si\/?page_id=10821"},"modified":"2018-09-12T08:42:59","modified_gmt":"2018-09-12T06:42:59","slug":"status-ucenca","status":"publish","type":"page","link":"https:\/\/sola-poljane.splet.arnes.si\/?page_id=10821","title":{"rendered":"Status u\u010denca"},"content":{"rendered":"<a href=\"http:\/\/sola-poljane.splet.arnes.si\/?page_id=8591\"class=\"wpz-sc-button small\" style=\";background:#378DBD\"><span><i class=\"fa fa-lightbulb-o\" style=\"padding-right:6px;\"><\/i>Svetovalna slu\u017eba<\/span><\/a>\n<a href=\"http:\/\/sola-poljane.splet.arnes.si\/?page_id=8676\"class=\"wpz-sc-button small\" style=\";background:#378DBD\"><span><i class=\"fa fa-lightbulb-o\" style=\"padding-right:6px;\"><\/i>Karierna orientacija-vpis v srednje \u0161ole<\/span><\/a>\n<a href=\"http:\/\/sola-poljane.splet.arnes.si\/?page_id=8678\"class=\"wpz-sc-button small\" style=\";background:#378DBD\"><span><i class=\"fa fa-lightbulb-o\" style=\"padding-right:6px;\"><\/i>Nadarjeni u\u010denci<\/span><\/a>\n<a href=\"http:\/\/sola-poljane.splet.arnes.si\/?page_id=8688\"class=\"wpz-sc-button small\" style=\";background:#378DBD\"><span><i class=\"fa fa-lightbulb-o\" style=\"padding-right:6px;\"><\/i>Prostovoljstvo<\/span><\/a>\n<a href=\"http:\/\/sola-poljane.splet.arnes.si\/?page_id=8690\"class=\"wpz-sc-button small\" style=\";background:#378DBD\"><span><i class=\"fa fa-lightbulb-o\" style=\"padding-right:6px;\"><\/i>Za u\u010dence<\/span><\/a>\n<a href=\"http:\/\/sola-poljane.splet.arnes.si\/?page_id=8692\"class=\"wpz-sc-button small\" style=\";background:#378DBD\"><span><i class=\"fa fa-lightbulb-o\" style=\"padding-right:6px;\"><\/i>Za star\u0161e<\/span><\/a>\n<a href=\"http:\/\/sola-poljane.splet.arnes.si\/?page_id=10821\"class=\"wpz-sc-button small\" style=\";background:#378DBD\"><span><i class=\"fa fa-lightbulb-o\" style=\"padding-right:6px;\"><\/i>Status u\u010denca<\/span><\/a>\n<p>&nbsp;<\/p>\n<p>Pridobitev statusa lahko predlagajo star\u0161i u\u010denca. O dodelitvi statusa odlo\u010di ravnatelj. U\u010dencu s statusom se prilagodijo \u0161olske obveznosti. \u0160ola s pravili podrobneje uredi postopek za pridobitev statusa.<\/p>\n<ul>\n<li>Status u\u010denca perspektivnega mladega umetnika lahko pridobi u\u010denec, ki se udele\u017euje dr\u017eavnih tekmovanj s podro\u010dja umetnosti.<\/li>\n<li>Status u\u010denca vrhunskega umetnika lahko pridobi u\u010denec, ki dosega najvi\u0161ja mesta oziroma dr\u017eavne nagrade s podro\u010dja umetnosti.<\/li>\n<li>Status u\u010denca perspektivnega \u0161portnika lahko pridobi u\u010denec, ki je registriran pri nacionalni pano\u017eni zvezi in tekmuje v uradnih tekmovalnih sistemih nacionalnih pano\u017enih zvez.<\/li>\n<li>Status u\u010denca vrhunskega \u0161portnika lahko pridobi u\u010denec, ki dose\u017ee vrhunski \u0161portni dose\u017eek mednarodne vrednosti.<\/li>\n<\/ul>\n<p>O dodelitvi, mirovanju oziroma prenehanju statusa odlo\u010di ravnatelj na predlog star\u0161ev u\u010denca. Pred tem si v prvem vzgojno-izobra\u017eevalnem obdobju pridobi mnenje razrednika, v drugem in tretjem vzgojno-izobra\u017eevalnem obdobju pa tudi mnenje oddel\u010dnega u\u010diteljskega zbora.<\/p>\n<p>&nbsp;<\/p>\n<p>Povezava do dokumentov: <a href=\"https:\/\/sola-poljane.splet.arnes.si\/?page_id=10373\">https:\/\/sola-poljane.splet.arnes.si\/?page_id=10373<\/a><\/p>\n","protected":false},"excerpt":{"rendered":"<p>&nbsp; Pridobitev statusa lahko predlagajo star\u0161i u\u010denca. O dodelitvi statusa [&hellip;]<\/p>\n","protected":false},"author":54103,"featured_media":0,"parent":8591,"menu_order":6,"comment_status":"closed","ping_status":"closed","template":"template-fullwidth.php","meta":{"ngg_post_thumbnail":0,"footnotes":""},"class_list":["post-10821","page","type-page","status-publish","hentry"],"_links":{"self":[{"href":"https:\/\/sola-poljane.splet.arnes.si\/index.php?rest_route=\/wp\/v2\/pages\/10821","targetHints":{"allow":["GET"]}}],"collection":[{"href":"https:\/\/sola-poljane.splet.arnes.si\/index.php?rest_route=\/wp\/v2\/pages"}],"about":[{"href":"https:\/\/sola-poljane.splet.arnes.si\/index.php?rest_route=\/wp\/v2\/types\/page"}],"author":[{"embeddable":true,"href":"https:\/\/sola-poljane.splet.arnes.si\/index.php?rest_route=\/wp\/v2\/users\/54103"}],"replies":[{"embeddable":true,"href":"https:\/\/sola-poljane.splet.arnes.si\/index.php?rest_route=%2Fwp%2Fv2%2Fcomments&post=10821"}],"version-history":[{"count":6,"href":"https:\/\/sola-poljane.splet.arnes.si\/index.php?rest_route=\/wp\/v2\/pages\/10821\/revisions"}],"predecessor-version":[{"id":11343,"href":"https:\/\/sola-poljane.splet.arnes.si\/index.php?rest_route=\/wp\/v2\/pages\/10821\/revisions\/11343"}],"up":[{"embeddable":true,"href":"https:\/\/sola-poljane.splet.arnes.si\/index.php?rest_route=\/wp\/v2\/pages\/8591"}],"wp:attachment":[{"href":"https:\/\/sola-poljane.splet.arnes.si\/index.php?rest_route=%2Fwp%2Fv2%2Fmedia&parent=10821"}],"curies":[{"name":"wp","href":"https:\/\/api.w.org\/{rel}","templated":true}]}}