{"id":10647,"date":"2018-08-23T06:13:15","date_gmt":"2018-08-23T04:13:15","guid":{"rendered":"http:\/\/sola-poljane.splet.arnes.si\/?page_id=10647"},"modified":"2025-09-22T11:53:54","modified_gmt":"2025-09-22T09:53:54","slug":"koristne-povezave","status":"publish","type":"page","link":"https:\/\/sola-poljane.splet.arnes.si\/?page_id=10647","title":{"rendered":"Koristne povezave"},"content":{"rendered":"<h3><div class=\"wpz-sc-box info  rounded full\">Povezave do spletnih anket<\/div><\/h3>\n<p><a href=\"http:\/\/sola-poljane.splet.arnes.si\/?page_id=15799\">Spletne ankete<\/a><\/p>\n<h3><div class=\"wpz-sc-box info  rounded full\">Zakonodaja s podro\u010dja vzgoje in izobra\u017eevanja<\/div><\/h3>\n<p>Spletna stran ministrstva, pristojnega za \u0161olstvo<\/p>\n<ul>\n<li><a href=\"https:\/\/www.gov.si\/drzavni-organi\/ministrstva\/ministrstvo-za-izobrazevanje-znanost-in-sport\/zakonodaja\/\">https:\/\/www.gov.si\/drzavni-organi\/ministrstva\/ministrstvo-za-izobrazevanje-znanost-in-sport\/zakonodaja\/<\/a><\/li>\n<\/ul>\n<p>Spletna stran SIO<\/p>\n<ul>\n<li><a href=\"http:\/\/zakonodaja.sio.si\/\">http:\/\/zakonodaja.sio.si\/<\/a><\/li>\n<\/ul>\n<h3><div class=\"wpz-sc-box info  rounded full\">Varnost na internetu<\/div><\/h3>\n<p>Uporaba interneta in novih tehnologij je postal na\u0161 vsakdanjik, prav tako tudi vsakdanjik na\u0161ih otrok.Prav zato je zelo pomembno, da jih o pravilni uporabi in pasteh u\u010dimo in opozarjamo. Za to ste najbolj odgovorni star\u0161i, ki jim omogo\u010date uporabo teh naprav<\/p>\n<p>Spodnje povezave so vam lahko v pomo\u010d, prav tako se lahko obrnete na \u0161olsko svetovalno slu\u017ebo.<\/p>\n<ul>\n<li><a href=\"http:\/\/safe.si\/\">http:\/\/safe.si\/<\/a><\/li>\n<li><a href=\"https:\/\/www.varninainternetu.si\/\">https:\/\/www.varninainternetu.si\/<\/a><\/li>\n<li><a href=\"http:\/\/www.logout.si\/\">http:\/\/www.logout.si\/<\/a><\/li>\n<li><a href=\"https:\/\/www.varniinternet.si\/\">https:\/\/www.varniinternet.si\/<\/a><\/li>\n<li><a href=\"https:\/\/www.cert.si\/\">Nacionalni odzivni center za kibernetsko varnost SI-CERT<\/a><\/li>\n<\/ul>\n<h3><div class=\"wpz-sc-box info  rounded full\">Vpogled v pridobljene pravice iz javnih sredstev<\/div><\/h3>\n<p>Ministrstvo za delo, dru\u017eino, socialne zadeve in enake mo\u017enosti je pripravilo aplikacijo za vpogled v podatke o pravicah iz javnih sredstev. Informacijo o veljavnih pravicah iz javnih sredstev lahko preverite preko spodnje spletne povezave.<\/p>\n<p style=\"padding-left: 30px\"><a href=\"https:\/\/emddsz.gov.si\/iscsd2_vppjs\/\"> https:\/\/emddsz.gov.si\/iscsd2_vppjs\/<\/a><\/p>\n<p>Za vpogled se je potrebno registrirati.<\/p>\n<h3><div class=\"wpz-sc-box info  rounded full\">Centri za socialno delo<\/div><\/h3>\n<ul>\n<li><a href=\"https:\/\/www.scsd.si\/centri-za-socialno-delo\/\">Seznam vseh centrov za socialno delo v Sloveniji<\/a><\/li>\n<li><a href=\"http:\/\/www.csd-skofjaloka.si\/\">Center za socialno delo \u0160kofja Loka<\/a><\/li>\n<li><a href=\"http:\/\/www.csd-lj-siska.si\/splosno\/index.asp\">Center za socialno delo Ljubljana \u0160i\u0161ka<\/a><\/li>\n<\/ul>\n<h3><div class=\"wpz-sc-box info  rounded full\">Ob\u010dine v UE \u0160kofja Loka<\/div><\/h3>\n<ul>\n<li><a href=\"http:\/\/www.obcina-gvp.si\/\">Ob\u010dina Gorenja vas-Poljane<\/a><\/li>\n<li><a href=\"https:\/\/www.skofjaloka.si\/\">Ob\u010dina \u0160kofja Loka<\/a><\/li>\n<li><a href=\"https:\/\/www.ziri.si\/\">Ob\u010dina \u017diri<\/a><\/li>\n<li><a href=\"https:\/\/www.zelezniki.si\/\">Ob\u010dina \u017delezniki<\/a><\/li>\n<\/ul>\n<h3><div class=\"wpz-sc-box info  rounded full\">Lokalni mediji<\/div><\/h3>\n<ul>\n<li><a href=\"https:\/\/www.radio-sora.si\/\">Radio Sora<\/a><\/li>\n<li><a href=\"https:\/\/www.obcina-gvp.si\/sl\/content\/obcina-gorenja-vas-poljane\/poljane-nad-skofjo-loko.html\">Va\u0161\u010dan &#8211; KS Poljane<\/a><\/li>\n<li><a href=\"https:\/\/www.podblegaske-novice.si\/sl\/\">Podblega\u0161ke novice<\/a><\/li>\n<\/ul>\n<h3><div class=\"wpz-sc-box info  rounded full\">Dru\u0161tva Poljanah in okolici<\/div><\/h3>\n<ul>\n<li><a href=\"http:\/\/www.pgdpoljane.si\/\">PGD Poljane<\/a><\/li>\n<li><a href=\"http:\/\/www.pgd-javorje.si\/\">PGD Javorje<\/a><\/li>\n<li><a href=\"http:\/\/www.sdpoljane.si\/\">\u0160portno dru\u0161tvo Poljane<\/a><\/li>\n<li><a href=\"http:\/\/www.kd-poljane.si\/\"><span id=\"st_global2\"><span id=\"STM2XX9YY1ZZTX\" class=\"st_ftcss\">Kulturno&nbsp;dru\u0161tvo&nbsp;Dr.&nbsp;Ivan&nbsp;Tav\u010dar<\/span><\/span><\/a><\/li>\n<li><a href=\"http:\/\/www.tdstarivrh.si\/\">Turisti\u010dno dru\u0161tvo Stari vrh<\/a><\/li>\n<\/ul>\n<p>&nbsp;<\/p>\n","protected":false},"excerpt":{"rendered":"<p>Spletne ankete Spletna stran ministrstva, pristojnega za \u0161olstvo https:\/\/www.gov.si\/drzavni-organi\/ministrstva\/ministrstvo-za-izobrazevanje-znanost-in-sport\/zakonodaja\/ Spletna [&hellip;]<\/p>\n","protected":false},"author":1973,"featured_media":0,"parent":0,"menu_order":0,"comment_status":"closed","ping_status":"closed","template":"template-fullwidth.php","meta":{"ngg_post_thumbnail":0,"footnotes":""},"class_list":["post-10647","page","type-page","status-publish","hentry"],"_links":{"self":[{"href":"https:\/\/sola-poljane.splet.arnes.si\/index.php?rest_route=\/wp\/v2\/pages\/10647","targetHints":{"allow":["GET"]}}],"collection":[{"href":"https:\/\/sola-poljane.splet.arnes.si\/index.php?rest_route=\/wp\/v2\/pages"}],"about":[{"href":"https:\/\/sola-poljane.splet.arnes.si\/index.php?rest_route=\/wp\/v2\/types\/page"}],"author":[{"embeddable":true,"href":"https:\/\/sola-poljane.splet.arnes.si\/index.php?rest_route=\/wp\/v2\/users\/1973"}],"replies":[{"embeddable":true,"href":"https:\/\/sola-poljane.splet.arnes.si\/index.php?rest_route=%2Fwp%2Fv2%2Fcomments&post=10647"}],"version-history":[{"count":15,"href":"https:\/\/sola-poljane.splet.arnes.si\/index.php?rest_route=\/wp\/v2\/pages\/10647\/revisions"}],"predecessor-version":[{"id":49152,"href":"https:\/\/sola-poljane.splet.arnes.si\/index.php?rest_route=\/wp\/v2\/pages\/10647\/revisions\/49152"}],"wp:attachment":[{"href":"https:\/\/sola-poljane.splet.arnes.si\/index.php?rest_route=%2Fwp%2Fv2%2Fmedia&parent=10647"}],"curies":[{"name":"wp","href":"https:\/\/api.w.org\/{rel}","templated":true}]}}