{"id":10373,"date":"2020-12-21T06:09:11","date_gmt":"2020-12-21T05:09:11","guid":{"rendered":"http:\/\/sola-poljane.splet.arnes.si\/?page_id=10373"},"modified":"2026-02-02T12:14:57","modified_gmt":"2026-02-02T11:14:57","slug":"obrazci-in-vloge","status":"publish","type":"page","link":"https:\/\/sola-poljane.splet.arnes.si\/?page_id=10373","title":{"rendered":"Obrazci in vloge"},"content":{"rendered":"<h3><div class=\"wpz-sc-box info  rounded full\">Splo\u0161no<\/div><\/h3>\n<p class=\"style43\">a) <strong>Dokumentacija<\/strong> je pripravljena v obliki PDF datotek. To obliko odprete z pregledovalnikom PDF Adobe Acrobat Reader ali podobnim. Pregledovalniki so v ve\u010dini dosegljivi na spletu brezpla\u010dno. Povezava za <a href=\"https:\/\/get.adobe.com\/si\/reader\/\">Adobe Acrobat Reader DC.<\/a><\/p>\n<p class=\"style43\">b)<strong> Obrazci in vloge<\/strong> so pripravljeni v dveh oblikah.<\/p>\n<p class=\"style43\" style=\"padding-left: 30px\"><strong>1. oblika je DOCX<br \/>\n<\/strong>Te dokumente lahko odprete v urejevalniku besedila MS Word in jih v njem tudi po potrebi izpolnite in natisnete. Lahko pa jih seveda natisnite neizpolnjene in jih izpolnite ro\u010dno.<\/p>\n<p class=\"style43\" style=\"padding-left: 30px\"><strong>2. oblika je PDF<\/strong><br \/>\nTudi te obrazce odprete s pregledovalnikom PDF. Dokument lahko izpolnite elektronsko in natisnete. Lahko pa jih seveda natisnite neizpolnjene in jih izpolnite ro\u010dno.<\/p>\n<p class=\"style43\">c)<strong> Navodilo za elektronsko izpolnjevanje<\/strong> dokumentov:<\/p>\n<p class=\"style43\" style=\"padding-left: 30px\">1. Izberite mo\u017enost Prenos, ki je nekje v gornjem delu ekrana in jo odprite v PDF pregledovalniku.<br \/>\n2. Shranite datoteko (Shrani kot) v primerno mapo na va\u0161em ra\u010dunalniku.<br \/>\n3. Izpolnite vse podatke (polja) na obrazcu.<br \/>\n4. Natisnite datoteko in jo lastnoro\u010dno podpi\u0161ite. Izpolnjen dokument lahko tudi shranite za kasneje.<\/p>\n<h3><div class=\"wpz-sc-box info  rounded full\">1 Soglasja za prejem ra\u010dunov\/polo\u017enic po elektronski poti<\/div><\/h3>\n<p>Vsa soglasja lahko:<\/p>\n<ul>\n<li>po\u0161ljete po navadni po\u0161ti na naslov: Osnovna \u0161ola Poljane, Poljane nad \u0160kofjo Loko 100, 4223 Poljane nad \u0160kofjo Loko,<\/li>\n<li>oddate osebno v ra\u010dunovodstvu ali<\/li>\n<li>po\u0161ljete v pdf obliki na e-naslov: knjigovodstvo(at)sola-poljane.si<\/li>\n<\/ul>\n<p>Prosimo, \u010de lahko zaradi berljivosti vsa soglasja<strong> izpolnite elektronsko<\/strong> preko ra\u010dunalnika.<\/p>\n<span class=\"wpz-sc-ilink\"><a class=\"note\" href=\"\" >Pomembno<\/a><\/span>\n<p style=\"padding-left: 40px\"><span style=\"color: #ff0000\"><strong>Obrazec je potrebno izpolniti lo\u010deno za vsakega otroka oziroma u\u010denca.<\/strong><\/span><\/p>\n<hr>\n<h4><span style=\"color: #ff0000\"><strong>1. E-ra\u010dun preko UJP-a na elektronski naslov prejemnika<\/strong><\/span><\/h4>\n<p>Za tak na\u010din prejemanja polo\u017enic je potrebno podati pisno soglasje, nato pa potrditi e-sporo\u010dilo iz UJP-a (Uprava za javna pla\u010dila RS, v nadaljevanju UJP), saj vam e-ra\u010dune lahko po\u0161iljamo le preko UJP-a.<\/p>\n<p><strong>1. korak: <\/strong>Najprej podate pisno soglasje, da \u017eelite prejemati polo\u017enice na svoj e-naslov. Vpi\u0161ete vse zahtevane podatke (ne pozabite napisati va\u0161o dav\u010dno \u0161tevilko in elektronski naslov). &nbsp;Po prejemu va\u0161e pisne izjave po\u0161ljemo podatke na UJP.<\/p>\n<p><strong>2. korak: <\/strong>UJP na va\u0161 elektronski naslov po\u0161lje dovoljenje za prejemanje e-ra\u010dunov na e-naslov.<strong> Nujno je<\/strong>, da po prejemu sporo\u010dila od UJP-a na va\u0161 elektronski naslov <strong>le-tega potrdite<\/strong>. Z va\u0161o potrditvijo e-sporo\u010dila iz UJP-a dobi \u0161ola\/vrtec dovoljenje, da e-ra\u010dune pri\u010dne po\u0161iljati po e-po\u0161ti.<\/p>\n<span class=\"wpz-sc-ilink\"><a class=\"note\" href=\"\" >Pomembno<\/a><\/span>\n<table style=\"border-collapse: collapse;width: 100%\" border=\"1\">\n<tbody>\n<tr>\n<td style=\"width: 100%;background-color: #d5f5f3\">\n<p style=\"text-align: left\">Ra\u010dunov tako ne boste ve\u010d prejemali v tiskani obliki, ampak jih boste prejemali izklju\u010dno na svoj e-naslov.<\/p>\n<p style=\"text-align: left\">Soglasje za prejemanje e-ra\u010dunov na elektronski naslov velja za ves \u010das vklju\u010ditve va\u0161ega otroka v \u0161olo ali vrtec oziroma do preklica in ga ni potrebno podalj\u0161evati vsako leto znova.<\/p>\n<p style=\"text-align: left\">V primeru spremembe va\u0161ega e-naslova morate ponovno izpolniti obrazec.<\/p>\n<\/td>\n<\/tr>\n<\/tbody>\n<\/table>\n<p>&nbsp;<\/p>\n<table style=\"width: 98.9474%\" border=\"1\" width=\"100%\" cellspacing=\"2\">\n<tbody>\n<tr>\n<td style=\"width: 67.8626%\"><strong>Dokument<\/strong><\/td>\n<td style=\"width: 31.0848%\"><strong>PDF &#8211; Acrobat Reader<\/strong><\/td>\n<\/tr>\n<tr>\n<td style=\"width: 67.8626%;background-color: #f7e5a0\">Soglasje za prejem E-ra\u010dunov\/polo\u017enic na elektronsko po\u0161to &#8211; ro\u010dno izpolnjevanje<\/td>\n<td style=\"width: 31.0848%;background-color: #f7e5a0\"><a href=\"https:\/\/drive.google.com\/open?id=1C2PJwjS8UFQeG0AJdN41o1RuNNz4aO7Y\">PDF oblika&nbsp;<\/a><\/td>\n<\/tr>\n<tr>\n<td style=\"width: 67.8626%;background-color: #f7e5a0\">Soglasje za prejem E-ra\u010dunov\/polo\u017enic na elektronsko po\u0161to &#8211; <strong>ra\u010dunalni\u0161ko izpolnjevanje<\/strong><\/td>\n<td style=\"width: 31.0848%;background-color: #f7e5a0\"><a href=\"https:\/\/drive.google.com\/open?id=1I7ATh7tQtZTeQEOx456d5qWWuc8sLmBl\">PDF oblika&nbsp;<\/a><\/td>\n<\/tr>\n<\/tbody>\n<\/table>\n<hr>\n<h4><span style=\"color: #ff0000\"><strong>2. E &#8211; ra\u010dun v va\u0161o spletno banko<\/strong><\/span><\/h4>\n<p><strong>1. korak:<\/strong> Preverite, \u010de va\u0161a banka omogo\u010da prejemanje e-ra\u010dunov.<\/p>\n<p><strong>2. korak:<\/strong> Izpolnite soglasje v celoti za prejemanje e\u2013ra\u010dunov v svojo spletno banko.<\/p>\n<p><strong>3. korak:<\/strong> V va\u0161i spletni banki se prijavite\/naro\u010dite na prejemanje e \u2013 ra\u010dunov.<\/p>\n<ul>\n<li>Izdajatelj Osnovna \u0161ola Poljane, 4223 Poljane, D\u0160 95058354<\/li>\n<li>V polje referen\u010dna oznaka prepi\u0161ete sklicno \u0161tevilko iz zadnjega UPN pla\u010dilnega naloga (referenca prejemnika), ki ste ga skupaj z ra\u010dunom prejeli od nas.<\/li>\n<\/ul>\n<span class=\"wpz-sc-ilink\"><a class=\"note\" href=\"\" >Pomembno<\/a><\/span>\n<table style=\"border-collapse: collapse;width: 100%\" border=\"1\">\n<tbody>\n<tr>\n<td style=\"width: 100%;background-color: #d5f5f3\">Ra\u010dun v e-obliki prejmete v svoj predal e-banke, kjer ga tudi poravnate in ga ne prejemate ve\u010d v tiskani obliki.<\/p>\n<p>Soglasje za prejemanje e-ra\u010dunov velja za ves \u010das vklju\u010ditve va\u0161ega otroka v \u0161olo ali vrtec oziroma do preklica in ga ni potrebno podalj\u0161evati vsako leto znova.<\/p>\n<p>V primeru sprememb morate ponovno izpolniti obrazec.<\/p>\n<p>Ra\u010dun\/e, ki jih boste prejemali v spletno banko, se \u017eal ne da zdru\u017eevati (v primeru ve\u010d otrok).<\/td>\n<\/tr>\n<\/tbody>\n<\/table>\n<p>&nbsp;<\/p>\n<table border=\"1\" width=\"100%\" cellspacing=\"2\">\n<tbody>\n<tr>\n<td><strong>Dokument<\/strong><\/td>\n<td><strong>PDF &#8211; Acrobat Reader<\/strong><\/td>\n<\/tr>\n<tr>\n<td style=\"background-color: #f7e5a0\">Soglasje za prejem E-ra\u010dunov v spletno banko &#8211; ro\u010dno izpolnjevanje<\/td>\n<td style=\"background-color: #f7e5a0\"><a href=\"https:\/\/drive.google.com\/open?id=1C17Xql6rJVJcKUpYxcu7-mAgt1j_zxxo\">PDF oblika<\/a><\/td>\n<\/tr>\n<tr>\n<td style=\"background-color: #f7e5a0\">Soglasje za prejem E-ra\u010dunov v spletno banko &#8211; <strong>ra\u010dunalni\u0161ko izpolnjevanje<\/strong><\/td>\n<td style=\"background-color: #f7e5a0\"><a href=\"https:\/\/drive.google.com\/open?id=1I7BMK-FfU_rFjUsWsuWYg0cZl8ny_7xr\">PDF oblika<\/a><\/td>\n<\/tr>\n<\/tbody>\n<\/table>\n<hr>\n<h4><span style=\"color: #ff0000\"><strong>3<\/strong><\/span><span style=\"color: #ff0000\"><strong>. Pla\u010dilo s SEPA direktno obremenitvijo (trajnik)<\/strong><\/span><\/h4>\n<p><strong>1. korak: <\/strong>Izpolnite soglasje za odprtje trajnika (SEPA direktna obremenitev).<\/p>\n<p><strong>2. korak: <\/strong>UJP na va\u0161 elektronski naslov po\u0161lje dovoljenje za prejemanje e-ra\u010dunov na e-naslov.<strong> Nujno je<\/strong>, da po prejemu sporo\u010dila od UJP-a na va\u0161 elektronski naslov <strong>le-tega potrdite<\/strong>. Z va\u0161o potrditvijo e-sporo\u010dila iz UJP-a dobi \u0161ola\/vrtec dovoljenje, da lahko izvaja SEPA obremenitve.<\/p>\n<span class=\"wpz-sc-ilink\"><a class=\"note\" href=\"\" >Pomembno<\/a><\/span>\n<table style=\"border-collapse: collapse;width: 100%\" border=\"1\">\n<tbody>\n<tr>\n<td style=\"width: 100%;background-color: #d5f5f3\">Ra\u010dunov ne boste ve\u010d prejemali v tiskani obliki, zato morate napisati va\u0161o dav\u010dno \u0161tevilko in elektronski naslov za po\u0161iljanje obra\u010duna preko UJP na va\u0161 elektronski naslov.<\/p>\n<p>Soglasje za pla\u010dilo s SEPA obremenitvijo velja za ves \u010das vklju\u010ditve va\u0161ega otroka v \u0161olo ali vrtec oziroma do preklica in ga ni potrebno podalj\u0161evati vsako leto znova.<\/p>\n<p>V primeru sprememb morate ponovno izpolniti obrazec.<\/td>\n<\/tr>\n<\/tbody>\n<\/table>\n<p>&nbsp;<\/p>\n<table border=\"1\" width=\"100%\" cellspacing=\"2\">\n<tbody>\n<tr>\n<td><strong>Dokument<\/strong><\/td>\n<td><strong>PDF &#8211; Acrobat Reader<\/strong><\/td>\n<\/tr>\n<tr>\n<td style=\"background-color: #f7e5a0\">Soglasje za SEPA direktno obremenitev &#8211; trajnik &#8211; ro\u010dno izpolnjevanje<\/td>\n<td style=\"background-color: #f7e5a0\"><a href=\"https:\/\/drive.google.com\/open?id=1CBc_9kk_WLGPITzCF8VwQqoflsiXOucW\">PDF oblika<\/a><\/td>\n<\/tr>\n<tr>\n<td style=\"background-color: #f7e5a0\">Soglasje za SEPA direktno obremenitev &#8211; trajnik &#8211; <strong>ra\u010dunalni\u0161ko izpolnjevanje<\/strong><\/td>\n<td style=\"background-color: #f7e5a0\"><a href=\"https:\/\/drive.google.com\/open?id=1I6ZM_mqJeuBEvvPAJR4D9bmPt3HmEOaV\">PDF oblika<\/a><\/td>\n<\/tr>\n<\/tbody>\n<\/table>\n<h3><div class=\"wpz-sc-box info  rounded full\">2 Sofinanciranje dejavnosti iz sredstev \u0161olskega sklada<\/div><\/h3>\n<p>\u0160ola ima ustanovljen <a href=\"http:\/\/sola-poljane.splet.arnes.si\/?page_id=8568\">\u0161olski sklad<\/a>. Namenjen je financiranju dejavnosti, ki niso sestavina izobra\u017eevalnega programa, za nakup nadstandardne opreme in zvi\u0161evanje standarda pouka oz. se ne financirajo iz javnih sredstev. Sklad pridobiva sredstva iz prispevkov star\u0161ev, donacij in drugih virov.<\/p>\n<p><strong>Za izvedbo \u0161ole v naravi, ki jo subvencionira ministrstvo, pristojno za \u0161olstvo, ni mo\u017eno uveljavljati dodelitve sredstev iz \u0161olskega sklada.&nbsp; <\/strong>Izpolnite lahko le vlogo &#8220;<em>Subvencioniranje* \u0161ole v naravi iz sredstev ministrstva<\/em>&#8220;.<strong><br \/>\n<\/strong><\/p>\n<table style=\"height: 74px;border-color: #000000\" border=\"1\" width=\"100%\" cellspacing=\"2\">\n<tbody>\n<tr style=\"height: 26px\">\n<td style=\"height: 26px\"><strong>Dokument<\/strong><\/td>\n<td style=\"height: 26px\"><strong>PDF &#8211; Acrobat Reader<\/strong><\/td>\n<td style=\"height: 26px\"><strong>DOCX &#8211; MS Word<\/strong><\/td>\n<\/tr>\n<tr style=\"height: 26px\">\n<td style=\"height: 26px\">Pravila \u0161olskega sklada<\/td>\n<td style=\"height: 26px\"><a href=\"https:\/\/drive.google.com\/open?id=1jq3mCi_84Yhm1bRBSkdOKkk9gfoa5WoM\">PDF oblika<\/a><\/td>\n<td style=\"height: 26px\">&nbsp;<\/td>\n<\/tr>\n<tr style=\"height: 26px\">\n<td style=\"height: 26px\">Vloga za dodelitev sredstev iz \u0161olskega sklada za <strong>\u0160OLO<\/strong><\/td>\n<td style=\"height: 26px\"><a href=\"https:\/\/drive.google.com\/open?id=1cKAu7BD8ULFQHDApaMqqOIlUuaOr83Wq\">PDF oblika <\/a><\/td>\n<td style=\"height: 26px\"><a href=\"https:\/\/drive.google.com\/open?id=1vM8fFqev2-lHVEyN17UjnfE__WGZXt1J\">DOCX oblika<\/a><\/td>\n<\/tr>\n<tr style=\"height: 26px\">\n<td style=\"height: 26px\">Vloga za dodelitev sredstev iz \u0161olskega sklada za <strong>VRTEC<\/strong><\/td>\n<td style=\"height: 26px\"><a href=\"https:\/\/drive.google.com\/open?id=1HqjgQSTygEVFHvzYzGHqXflsxZDrfVOt\">PDF oblika <\/a><\/td>\n<td style=\"height: 26px\"><a href=\"https:\/\/docs.google.com\/document\/d\/1KBOqIP6DDuTpHaWG1C287q_aOerrXo5B?rtpof=true\">DOCX oblika<\/a><\/td>\n<\/tr>\n<\/tbody>\n<\/table>\n<h3><div class=\"wpz-sc-box info  rounded full\">3 Subvencioniranje* \u0161ole v naravi iz sredstev ministrstva<\/div><\/h3>\n<p>Ministrstvo, pristojno za \u0161olstvo, za vsakega u\u010denca prispeva del sredstev (<span style=\"text-decoration: underline\"><span style=\"color: #800080;text-decoration: underline\"><strong>subvencionira<\/strong><\/span><\/span>) za <span style=\"color: #ff0000\"><strong>izvedbo ene \u0161ole v naravi<\/strong><\/span>. Z vlogo si lahko zagotovite ve\u010dje subvencioniranje te izvedbe \u0161ole v naravi s strani ministrstva.<\/p>\n<p>Odlo\u010ditev, katero \u0161olo v naravi se lahko subvencionira iz teh sredstev, sprejme vodstvo \u0161ole.<\/p>\n<p><strong>Za izvedbo te \u0161ole v naravi ni mo\u017eno uveljavljati dodelitve sredstev iz \u0161olskega sklada.<\/strong><\/p>\n<table style=\"height: 74px;border-color: #000000\" border=\"1\" width=\"100%\" cellspacing=\"2\">\n<tbody>\n<tr>\n<td><strong>Dokument<\/strong><\/td>\n<td><strong>Oblika PDF<\/strong><\/td>\n<td><strong>Oblika DOCX<\/strong><\/td>\n<\/tr>\n<tr>\n<td>Vloga za subvencioniranje* \u0161ole v naravi (ministrstvo)<\/td>\n<td><a href=\"https:\/\/drive.google.com\/open?id=1boaanNipHNn2NAI04OCYYnRnhJQfKBCI\">PDF oblika vloge <\/a><\/td>\n<td><a href=\"https:\/\/drive.google.com\/open?id=1TDroDfYLMBL1KS8lK7qKbrw6NREYSUHc\">DOCX oblika vloge<\/a><\/td>\n<\/tr>\n<\/tbody>\n<\/table>\n<h3><div class=\"wpz-sc-box info  rounded full\">4 \u0160olska prehrana<\/div><\/h3>\n<p>Ve\u010d informacij o<a href=\"http:\/\/sola-poljane.splet.arnes.si\/?page_id=8660\"> \u0161olski prehrani lahko preberete tu<\/a>.<\/p>\n<p><strong>1. Prijava<\/strong><\/p>\n<p style=\"padding-left: 30px\">U\u010denec se mora vsako \u0161olsko leto znova prijaviti na \u0161olsko prehrano na predpisanem obrazcu. Obrazec u\u010denci prejmejo v juniju. Izpolnjen obrazec je potrebno vrniti do 20. junija. Obrazec se izpolni za prihodnje \u0161olsko leto.<br \/>\n\u010ce obrazca ne vrnete, s 1. septembrom u\u010denec ni ve\u010d prijavljen na prehrano.<\/p>\n<p style=\"padding-left: 30px\"><strong>Brez prijave u\u010denec ne more uveljavljati subvencije prehrane<\/strong>, ki mu sicer pripada z odlo\u010dbo CSD o pravicah iz javnih sredstev.<\/p>\n<p><strong>2. Preklic prijave<\/strong><\/p>\n<p style=\"padding-left: 30px\">Prijavo lahko kadarkoli prekli\u010dete. Preklic velja naslednji dan od prejema preklica. Preklic prijave se opravi s predpisanim obrazcem.<\/p>\n<table style=\"height: 132px;border-color: #000000\" border=\"1\" width=\"674\" cellspacing=\"2\">\n<tbody>\n<tr style=\"height: 26px\">\n<td style=\"height: 26px\"><strong>Dokument<\/strong><\/td>\n<td style=\"height: 26px\"><strong>Oblika PDF<\/strong><\/td>\n<td style=\"height: 26px\"><strong>Oblika DOCX<\/strong><\/td>\n<\/tr>\n<tr style=\"height: 26px\">\n<td style=\"height: 26px\">Pravila o \u0161olski prehrani<\/td>\n<td style=\"height: 26px\"><a href=\"https:\/\/drive.google.com\/open?id=1ophaaHIdfcRaj5DkE3J_jWS6-iyA4TVe\">PDF oblika<\/a><\/td>\n<td style=\"height: 26px\">&nbsp;<\/td>\n<\/tr>\n<tr style=\"height: 26px\">\n<td style=\"height: 26px\">1. Prijava na \u0161olsko prehrano za teko\u010de \u0161olsko leto<\/td>\n<td style=\"height: 26px\"><a href=\"https:\/\/drive.google.com\/open?id=1kFZKjUeQfIVkdrSmH_ypCwIUF5XC294d\">PDF oblika<\/a><\/td>\n<td style=\"height: 26px\">&nbsp;<\/td>\n<\/tr>\n<tr style=\"height: 21px\">\n<td style=\"height: 21px\">2. Preklic prijave na \u0161olsko prehrano<\/td>\n<td style=\"height: 21px\"><a href=\"https:\/\/drive.google.com\/open?id=1g8v25YrlOCtA-EGm7GhKJC_5Nu1hKD7U&amp;usp=drive_fs\">PDF oblika<\/a><\/td>\n<td style=\"height: 21px\">&nbsp;<\/td>\n<\/tr>\n<\/tbody>\n<\/table>\n<h3><div class=\"wpz-sc-box info  rounded full\">5 Status u\u010dencev<\/div><\/h3>\n<p>Pridobitev statusa lahko predlagajo star\u0161i u\u010denca. O dodelitvi statusa odlo\u010di ravnatelj. U\u010dencu s statusom se prilagodijo \u0161olske obveznosti. \u0160ola s pravili podrobneje uredi postopek za pridobitev statusa.<\/p>\n<ul>\n<li>Status u\u010denca perspektivnega mladega umetnika lahko pridobi u\u010denec, ki se udele\u017euje dr\u017eavnih tekmovanj s podro\u010dja umetnosti.<\/li>\n<li>Status u\u010denca vrhunskega umetnika lahko pridobi u\u010denec, ki dosega najvi\u0161ja mesta oziroma dr\u017eavne nagrade s podro\u010dja umetnosti.<\/li>\n<li>Status u\u010denca perspektivnega \u0161portnika lahko pridobi u\u010denec, ki je registriran pri nacionalni pano\u017eni zvezi in tekmuje v uradnih tekmovalnih sistemih nacionalnih pano\u017enih zvez.<\/li>\n<li>Status u\u010denca vrhunskega \u0161portnika lahko pridobi u\u010denec, ki dose\u017ee vrhunski \u0161portni dose\u017eek mednarodne vrednosti.<\/li>\n<\/ul>\n<p>O dodelitvi, mirovanju oziroma prenehanju statusa odlo\u010di ravnatelj na predlog star\u0161ev u\u010denca. Pred tem si v prvem vzgojno-izobra\u017eevalnem obdobju pridobi mnenje razrednika, v drugem in tretjem vzgojno-izobra\u017eevalnem obdobju pa tudi mnenje oddel\u010dnega u\u010diteljskega zbora.<\/p>\n<p>&nbsp;<\/p>\n<p>Zakonitimi zastopniki najprej izpolnijo predlog za pridobitev statusa u\u010denca. \u010ce so pogoji za pridobitev statusa izpolnjeni, se uredi prilagajanje \u0161olskih obveznosti s pisnim dogovorom med \u0161olo in zakonitimi zastopniki. Prilagodijo se obiskovanje pouka in drugih dejavnosti ter na\u010dini in roki za ocenjevanje znanja.<\/p>\n<table style=\"height: 74px;border-color: #000000\" border=\"1\" width=\"100%\" cellspacing=\"2\">\n<tbody>\n<tr>\n<td><strong>Dokument<\/strong><\/td>\n<td><strong>Oblika PDF<\/strong><\/td>\n<td><strong>Oblika DOCX<\/strong><\/td>\n<\/tr>\n<tr>\n<td>Pravila o prilagajanju \u0161olskih obveznosti Osnovne \u0161ole Poljane(v pripravi &#8211; glede na spremembe v \u0161olskem letu 2025\/26)<\/td>\n<td>&nbsp;<\/td>\n<td>&nbsp;<\/td>\n<\/tr>\n<tr>\n<td>Predlog za pridobitev statusa. Velja od \u0161olskega leta 2025\/26 dalje.<\/td>\n<td><a href=\"https:\/\/drive.google.com\/open?id=1FYfS_tApoZ3mMWNJ7gsMQbjFurRAC2eN&amp;usp=drive_fs\">PDF oblika<\/a><\/td>\n<td>&nbsp;<\/td>\n<\/tr>\n<tr>\n<td>Dogovor o prilagajanju \u0161olskih obveznosti (v pripravi &#8211; glede na spremembe v \u0161olskem letu 2025\/26)<\/td>\n<td>&nbsp;<\/td>\n<td>&nbsp;<\/td>\n<\/tr>\n<\/tbody>\n<\/table>\n<h3><div class=\"wpz-sc-box info  rounded full\">6 Prepis u\u010denca, odlo\u017eitev v\u0161olanja, izpis, \u0161olanje na domu in soglasje za zbiranje, obdelavo in objavo osebnih podatkov<\/div><\/h3>\n<table style=\"height: 74px;border-color: #000000\" border=\"1\" width=\"100%\" cellspacing=\"2\">\n<tbody>\n<tr>\n<td><strong>Dokument<\/strong><\/td>\n<td><strong>Oblika PDF<\/strong><\/td>\n<td><strong>Oblika DOCX<\/strong><\/td>\n<\/tr>\n<tr>\n<td>Prepis u\u010denca iz ene na drugo \u0161olo<\/td>\n<td><a href=\"https:\/\/drive.google.com\/open?id=1oB8WHCP10pDaA6fLTWNujg5FGBxfVEyS\">PDF oblika<\/a><\/td>\n<td><a href=\"https:\/\/drive.google.com\/open?id=1Kp6g82Ei589qVuq7_R_62lpit727n87k\">DOCX oblika<\/a><\/td>\n<\/tr>\n<tr>\n<td>Vloga za odlo\u017eitev v\u0161olanja v 1. razred za eno leto<\/td>\n<td><a href=\"https:\/\/drive.google.com\/open?id=1_d9sWZla9G04QqSFbwtgfMXD9qhVH9_r\">PDF oblika vloge<\/a><\/td>\n<td>&nbsp;<\/td>\n<\/tr>\n<tr>\n<td>Izpis u\u010denca iz \u0161ole<\/td>\n<td><a href=\"https:\/\/drive.google.com\/open?id=1Jvg729XhRkl6hpF3GVqeOGFYufrgG83g\">PDF oblika<\/a><\/td>\n<td><a href=\"https:\/\/docs.google.com\/document\/d\/1JlpEkwsKVs_njHfsc2_hMXdjz4j7Ko0-?rtpof=true\">DOCX oblika<\/a><\/td>\n<\/tr>\n<tr>\n<td>Obvestilo o izobra\u017eevanju na domu<\/td>\n<td><a href=\"https:\/\/drive.google.com\/open?id=1isP7amhmGNECzo8N_hgBNvIgkEFPuH9P\">PDF oblika vloge<\/a><\/td>\n<td><a href=\"https:\/\/drive.google.com\/open?id=1iSiUbSsj9o1N9gS-2WzQDLdsGzRHZRti\">DOCX oblika vloge<\/a><\/td>\n<\/tr>\n<tr>\n<td>Soglasje za zbiranje in obdelavo osebnih podatkov (za \u010das \u0161olanja otroka)<\/td>\n<td>PDF oblika<\/td>\n<td>&nbsp;<\/td>\n<\/tr>\n<tr>\n<td>Soglasje za obdelavo osebnih podatkov (za teko\u010de \u0161olsko leto)<\/td>\n<td><a href=\"https:\/\/drive.google.com\/open?id=1LCoQIMpup2Ad4Dgos2En5jZZF5RJZZfg\">PDF oblika<\/a><\/td>\n<td>&nbsp;<\/td>\n<\/tr>\n<\/tbody>\n<\/table>\n<h3><div class=\"wpz-sc-box info  rounded full\">7 Vloge na Ob\u010dini Gorenja vas &#8211; Poljane<\/div><\/h3>\n<table style=\"height: 74px;border-color: #000000\" border=\"1\" width=\"100%\" cellspacing=\"2\">\n<tbody>\n<tr>\n<td><strong>Dokument<\/strong><\/td>\n<td><strong>Oblika PDF<\/strong><\/td>\n<td><strong>Oblika DOCX<\/strong><\/td>\n<\/tr>\n<tr>\n<td><a href=\"http:\/\/www.obcina-gvp.si\/sl\/content\/za-obcane\/denarna-socialna-pomoc.html\">Vloga za dodelitev denarne socialne pomo\u010di-Ob\u010dina Gorenja vas-Poljane <\/a><\/td>\n<td>&nbsp;<\/td>\n<td><a href=\"http:\/\/www.obcina-gvp.si\/\/assets\/natasa\/denarna_soc._pomoc_2018\/vloga_za_dodelitev_denarne_socialne_pomoci-koncno-2018.docx\">DOCX oblika vloge<\/a><\/td>\n<\/tr>\n<\/tbody>\n<\/table>\n<p>&nbsp;<\/p>\n","protected":false},"excerpt":{"rendered":"<p>a) Dokumentacija je pripravljena v obliki PDF datotek. To obliko [&hellip;]<\/p>\n","protected":false},"author":1973,"featured_media":0,"parent":0,"menu_order":0,"comment_status":"closed","ping_status":"closed","template":"template-fullwidth.php","meta":{"ngg_post_thumbnail":0,"footnotes":""},"class_list":["post-10373","page","type-page","status-publish","hentry"],"_links":{"self":[{"href":"https:\/\/sola-poljane.splet.arnes.si\/index.php?rest_route=\/wp\/v2\/pages\/10373","targetHints":{"allow":["GET"]}}],"collection":[{"href":"https:\/\/sola-poljane.splet.arnes.si\/index.php?rest_route=\/wp\/v2\/pages"}],"about":[{"href":"https:\/\/sola-poljane.splet.arnes.si\/index.php?rest_route=\/wp\/v2\/types\/page"}],"author":[{"embeddable":true,"href":"https:\/\/sola-poljane.splet.arnes.si\/index.php?rest_route=\/wp\/v2\/users\/1973"}],"replies":[{"embeddable":true,"href":"https:\/\/sola-poljane.splet.arnes.si\/index.php?rest_route=%2Fwp%2Fv2%2Fcomments&post=10373"}],"version-history":[{"count":15,"href":"https:\/\/sola-poljane.splet.arnes.si\/index.php?rest_route=\/wp\/v2\/pages\/10373\/revisions"}],"predecessor-version":[{"id":51650,"href":"https:\/\/sola-poljane.splet.arnes.si\/index.php?rest_route=\/wp\/v2\/pages\/10373\/revisions\/51650"}],"wp:attachment":[{"href":"https:\/\/sola-poljane.splet.arnes.si\/index.php?rest_route=%2Fwp%2Fv2%2Fmedia&parent=10373"}],"curies":[{"name":"wp","href":"https:\/\/api.w.org\/{rel}","templated":true}]}}