{"id":10187,"date":"2018-08-13T13:11:22","date_gmt":"2018-08-13T11:11:22","guid":{"rendered":"http:\/\/sola-poljane.splet.arnes.si\/?page_id=10187"},"modified":"2024-04-15T07:03:56","modified_gmt":"2024-04-15T05:03:56","slug":"mrpd","status":"publish","type":"page","link":"https:\/\/sola-poljane.splet.arnes.si\/?page_id=10187","title":{"rendered":"Mladi raziskovalci"},"content":{"rendered":"<p>Gibanje Mladi raziskovalci za razvoj Poljanske doline mlade spodbuja k raziskovanju, inovativnosti in ustvarjalnosti s ciljem, da razvijejo svoje sposobnosti, pridobijo nova znanja in izku\u0161nje, se vklju\u010dijo v timsko delo, se sre\u010dajo z novimi ljudmi, se predstavijo \u0161ir\u0161i javnosti (javni nastop), pridobijo spretnosti pri predstavitvi svojega dela, pridobijo dodatne mo\u017enosti za pridobitev \u0161tipendije in vpis v \u0161olo ter krepijo samozaupanje in osebno zadovoljstvo. Pri delu jim pomagajo mentorji in somentorji.<\/p>\n<p>Osnovna \u0161ola Poljane \u017ee od \u0161olskega leta 2005\/2006 sodeluje v projektu MLADI RAZISKOVALCI ZA RAZVOJ POLJANSKE DOLINE. Na\u0161i u\u010denci vsako \u0161olsko leto izdelajo tematsko razli\u010dne raziskovalne naloge, ki segajo na podro\u010dja zgodovine, etnologije, ekologije, sociologije, geografije, matematike, ra\u010dunalni\u0161tva itd.<\/p>\n<h3>Razpis in prijava za teko\u010de \u0161olsko leto<\/h3>\n<table border=\"1\" width=\"100%\" cellspacing=\"2\">\n<tbody>\n<tr>\n<td><strong>Dokument<\/strong><\/td>\n<td><strong>PDF &#8211; Acrobat Reader<\/strong><\/td>\n<td><strong>DOCX &#8211; MS Word<\/strong><\/td>\n<\/tr>\n<tr>\n<td>Razpis<\/td>\n<td><a href=\"https:\/\/drive.google.com\/file\/d\/1pZIWq87e3Zmbg5t74F8GmSaXom_9yFwK\">PDF oblika<\/a><\/td>\n<td>&nbsp;<\/td>\n<\/tr>\n<tr>\n<td>Prijavnica<\/td>\n<td><a href=\"https:\/\/drive.google.com\/file\/d\/1pXwys7V2B9mr4qkOPvSsm4pId5S1id8y\">PDF oblika <\/a><\/td>\n<td><a href=\"https:\/\/drive.google.com\/file\/d\/1pkBE58jUR8CTQOSn0bcsaMR8KfI-Jtwg\">DOCX oblika<\/a><\/td>\n<\/tr>\n<\/tbody>\n<\/table>\n<h3>Naloge po \u0161olskih letih<\/h3>\n\n<!-- iframe plugin v.5.2 wordpress.org\/plugins\/iframe\/ -->\n<iframe loading=\"lazy\" style=\"width: 100%; border: 0;\" src=\"https:\/\/drive.google.com\/a\/sola-poljane.si\/embeddedfolderview?id=1bpzTsuN3c4kuPS9ZlIuFA63GHCHog1c-#list\" width=\"300\" height=\"1500\" 0=\"&gt;\" scrolling=\"yes\" class=\"iframe-class\" frameborder=\"0\" name=\"ARNES\"><\/iframe>\n\n<p>&nbsp;<\/p>\n<p>&nbsp;<\/p>\n<p>Lahko se zgodi, da vam mape ne prika\u017ee.<\/p>\n<p>V tem primeru je mo\u017eno ve\u010d vzrokov, najve\u010dkrat pa:<\/p>\n<ul>\n<li>ni posodobljen brskalnik;<\/li>\n<li>imate name\u0161\u010den kak bloker oglasov ali podobno.<\/li>\n<\/ul>\n<p>Preverite lahko tako, da v brskalniku odprete anonimni zavihek\/okno (incognito tab in podobni izrazi) in preverite, \u010de v tem primeru deluje. Obi\u010dajno deluje. V brskalniku Google Chrome <em>&gt;&gt;Novo anonimno okno&lt;&lt;<\/em> odprete desno zgoraj \u2013&gt;tri pikice in 3 mo\u017enost od vrha.<\/p>\n<p>V primeru operacijskega sistema Windows 10 ali 11 imate name\u0161\u010den tudi brskalnik Microsoft Edge, ki v privzeti nastavitvi ravno tako odpira to stran brez te\u017eav. Tako da lahko preverite delovane tudi z brskalnikom Microsoft Edge.<\/p>\n","protected":false},"excerpt":{"rendered":"<p>Gibanje Mladi raziskovalci za razvoj Poljanske doline mlade spodbuja k [&hellip;]<\/p>\n","protected":false},"author":1973,"featured_media":0,"parent":8596,"menu_order":7,"comment_status":"closed","ping_status":"closed","template":"template-fullwidth.php","meta":{"ngg_post_thumbnail":0,"footnotes":""},"class_list":["post-10187","page","type-page","status-publish","hentry"],"_links":{"self":[{"href":"https:\/\/sola-poljane.splet.arnes.si\/index.php?rest_route=\/wp\/v2\/pages\/10187","targetHints":{"allow":["GET"]}}],"collection":[{"href":"https:\/\/sola-poljane.splet.arnes.si\/index.php?rest_route=\/wp\/v2\/pages"}],"about":[{"href":"https:\/\/sola-poljane.splet.arnes.si\/index.php?rest_route=\/wp\/v2\/types\/page"}],"author":[{"embeddable":true,"href":"https:\/\/sola-poljane.splet.arnes.si\/index.php?rest_route=\/wp\/v2\/users\/1973"}],"replies":[{"embeddable":true,"href":"https:\/\/sola-poljane.splet.arnes.si\/index.php?rest_route=%2Fwp%2Fv2%2Fcomments&post=10187"}],"version-history":[{"count":24,"href":"https:\/\/sola-poljane.splet.arnes.si\/index.php?rest_route=\/wp\/v2\/pages\/10187\/revisions"}],"predecessor-version":[{"id":38662,"href":"https:\/\/sola-poljane.splet.arnes.si\/index.php?rest_route=\/wp\/v2\/pages\/10187\/revisions\/38662"}],"up":[{"embeddable":true,"href":"https:\/\/sola-poljane.splet.arnes.si\/index.php?rest_route=\/wp\/v2\/pages\/8596"}],"wp:attachment":[{"href":"https:\/\/sola-poljane.splet.arnes.si\/index.php?rest_route=%2Fwp%2Fv2%2Fmedia&parent=10187"}],"curies":[{"name":"wp","href":"https:\/\/api.w.org\/{rel}","templated":true}]}}