{"id":10179,"date":"2018-08-13T11:27:49","date_gmt":"2018-08-13T09:27:49","guid":{"rendered":"http:\/\/sola-poljane.splet.arnes.si\/?page_id=10179"},"modified":"2018-08-13T11:27:49","modified_gmt":"2018-08-13T09:27:49","slug":"priznanje-q-viz","status":"publish","type":"page","link":"https:\/\/sola-poljane.splet.arnes.si\/?page_id=10179","title":{"rendered":"Priznanje Q VIZ"},"content":{"rendered":"<p>Priznanja, ki jih podeljuje Planet GV, so prejeli vzgojno-izobra\u017eevalni zavodi, ki jih odlikuje visoka raven dru\u017ebene odgovornosti, skrb za izobra\u017eevanje zaposlenih, prijaznost do zaposlenih in strank ter skrb za dobre odnose znotraj in zunaj zavoda.<\/p>\n","protected":false},"excerpt":{"rendered":"<p>Priznanja, ki jih podeljuje Planet GV, so prejeli vzgojno-izobra\u017eevalni zavodi, [&hellip;]<\/p>\n","protected":false},"author":1973,"featured_media":0,"parent":8596,"menu_order":10,"comment_status":"closed","ping_status":"closed","template":"","meta":{"ngg_post_thumbnail":0,"footnotes":""},"class_list":["post-10179","page","type-page","status-publish","hentry"],"_links":{"self":[{"href":"https:\/\/sola-poljane.splet.arnes.si\/index.php?rest_route=\/wp\/v2\/pages\/10179","targetHints":{"allow":["GET"]}}],"collection":[{"href":"https:\/\/sola-poljane.splet.arnes.si\/index.php?rest_route=\/wp\/v2\/pages"}],"about":[{"href":"https:\/\/sola-poljane.splet.arnes.si\/index.php?rest_route=\/wp\/v2\/types\/page"}],"author":[{"embeddable":true,"href":"https:\/\/sola-poljane.splet.arnes.si\/index.php?rest_route=\/wp\/v2\/users\/1973"}],"replies":[{"embeddable":true,"href":"https:\/\/sola-poljane.splet.arnes.si\/index.php?rest_route=%2Fwp%2Fv2%2Fcomments&post=10179"}],"version-history":[{"count":1,"href":"https:\/\/sola-poljane.splet.arnes.si\/index.php?rest_route=\/wp\/v2\/pages\/10179\/revisions"}],"predecessor-version":[{"id":10181,"href":"https:\/\/sola-poljane.splet.arnes.si\/index.php?rest_route=\/wp\/v2\/pages\/10179\/revisions\/10181"}],"up":[{"embeddable":true,"href":"https:\/\/sola-poljane.splet.arnes.si\/index.php?rest_route=\/wp\/v2\/pages\/8596"}],"wp:attachment":[{"href":"https:\/\/sola-poljane.splet.arnes.si\/index.php?rest_route=%2Fwp%2Fv2%2Fmedia&parent=10179"}],"curies":[{"name":"wp","href":"https:\/\/api.w.org\/{rel}","templated":true}]}}